{"id":2,"date":"2025-10-17T12:41:34","date_gmt":"2025-10-17T12:41:34","guid":{"rendered":"https:\/\/wine-connect-people.at\/?page_id=2"},"modified":"2025-10-21T11:25:17","modified_gmt":"2025-10-21T11:25:17","slug":"ueberuns","status":"publish","type":"page","link":"https:\/\/www.wine-connect-people.at\/","title":{"rendered":"\u00dcber uns"},"content":{"rendered":"<p>[et_pb_section fb_built=&#8220;1&#8243; custom_padding_last_edited=&#8220;on|tablet&#8220; admin_label=&#8220;Header&#8220; _builder_version=&#8220;4.16&#8243; background_color=&#8220;#f9f5f1&#8243; custom_padding=&#8220;10px||10px||true|false&#8220; custom_padding_tablet=&#8220;40px||40px||true|false&#8220; custom_padding_phone=&#8220;&#8220; background_color_gradient_stops_tablet=&#8220;#2b87da 80%|#29c4a9 80%&#8220; background_color_gradient_stops_phone=&#8220;#2b87da 75%|#29c4a9 75%&#8220; background_color_gradient_start_position_tablet=&#8220;80%&#8220; background_color_gradient_start_position_phone=&#8220;75%&#8220; background_color_gradient_end_position_tablet=&#8220;80%&#8220; background_color_gradient_end_position_phone=&#8220;75%&#8220; global_colors_info=&#8220;{}&#8220;][et_pb_row column_structure=&#8220;3_5,2_5&#8243; _builder_version=&#8220;4.16&#8243; custom_padding=&#8220;0px||0px||true|false&#8220; box_shadow_style=&#8220;preset4&#8243; box_shadow_horizontal=&#8220;30vw&#8220; box_shadow_vertical=&#8220;0px&#8220; box_shadow_color=&#8220;#e8e2d7&#8243; box_shadow_horizontal_tablet=&#8220;0vw&#8220; box_shadow_horizontal_phone=&#8220;&#8220; box_shadow_horizontal_last_edited=&#8220;on|tablet&#8220; global_colors_info=&#8220;{}&#8220;][et_pb_column type=&#8220;3_5&#8243; _builder_version=&#8220;4.16&#8243; z_index=&#8220;10&#8243; custom_padding=&#8220;170px||||false|false&#8220; custom_padding_tablet=&#8220;0px||||false|false&#8220; custom_padding_phone=&#8220;&#8220; custom_padding_last_edited=&#8220;on|desktop&#8220; global_colors_info=&#8220;{}&#8220;][et_pb_text _builder_version=&#8220;4.27.4&#8243; text_font=&#8220;Lora||||||||&#8220; text_line_height=&#8220;2em&#8220; header_text_color=&#8220;#722f37&#8243; header_font_size=&#8220;110px&#8220; header_2_text_color=&#8220;#280400&#8243; header_3_text_color=&#8220;#280400&#8243; header_4_text_color=&#8220;#280400&#8243; header_5_text_color=&#8220;#280400&#8243; header_6_text_color=&#8220;#280400&#8243; max_width_last_edited=&#8220;off|phone&#8220; header_font_size_tablet=&#8220;60px&#8220; header_font_size_phone=&#8220;40px&#8220; header_font_size_last_edited=&#8220;on|phone&#8220; header_line_height_tablet=&#8220;1.4em&#8220; header_line_height_phone=&#8220;&#8220; header_line_height_last_edited=&#8220;on|phone&#8220; global_colors_info=&#8220;{}&#8220; max_width__hover_enabled=&#8220;off|desktop&#8220;]<\/p>\n<h1>Wine connect people<\/h1>\n<p>[\/et_pb_text][et_pb_text _builder_version=&#8220;4.27.4&#8243; text_font=&#8220;Lora||||||||&#8220; text_font_size=&#8220;17px&#8220; text_line_height=&#8220;2em&#8220; max_width_last_edited=&#8220;off|phone&#8220; global_colors_info=&#8220;{}&#8220; max_width__hover_enabled=&#8220;off|desktop&#8220;]<\/p>\n<p>spezialisiert auf ausgesuchte Spitzenweine und Premium Lebensmittel!<\/p>\n<p>Hier entscheidet einzig und alleine die Qualit\u00e4t der Produkte und kein Mainstream oder Marketinggag.<\/p>\n<p>Jedes Produkt wird gewissenhaft ausgesucht, getestet und immer wieder in Zusammenarbeit mit den einzelnen Bauern mit Verantwortung auf h\u00f6chsten Level gebracht.<\/p>\n<p><strong>Versandkostenfrei in ganz \u00d6sterreich!<\/strong><\/p>\n<p>[\/et_pb_text][et_pb_button button_url=&#8220;https:\/\/www.wine-connect-people.at\/wp-content\/uploads\/2025\/10\/Weinliste.png&#8220; url_new_window=&#8220;on&#8220; button_text=&#8220;Preisliste&#8220; button_alignment=&#8220;left&#8220; _builder_version=&#8220;4.27.4&#8243; _module_preset=&#8220;default&#8220; custom_button=&#8220;on&#8220; button_text_size=&#8220;23px&#8220; button_text_color=&#8220;#FFFFFF&#8220; button_bg_color=&#8220;#722f37&#8243; hover_enabled=&#8220;0&#8243; global_colors_info=&#8220;{}&#8220; sticky_enabled=&#8220;0&#8243;][\/et_pb_button][\/et_pb_column][et_pb_column type=&#8220;2_5&#8243; _builder_version=&#8220;4.16&#8243; background_enable_color=&#8220;off&#8220; use_background_color_gradient=&#8220;on&#8220; background_color_gradient_direction=&#8220;90deg&#8220; background_color_gradient_stops=&#8220;rgba(0,0,0,0) 32%|#e8e2d7 32%&#8220; background_color_gradient_start=&#8220;rgba(0,0,0,0)&#8220; background_color_gradient_start_position=&#8220;32%&#8220; background_color_gradient_end=&#8220;#e8e2d7&#8243; background_color_gradient_end_position=&#8220;0%&#8220; transform_translate=&#8220;1px|0px&#8220; transform_translate_linked=&#8220;off&#8220; global_colors_info=&#8220;{}&#8220;][et_pb_image src=&#8220;https:\/\/wine-connect-people.at\/wp-content\/uploads\/2025\/10\/winery-20.png&#8220; title_text=&#8220;winery-20&#8243; _builder_version=&#8220;4.27.4&#8243; max_height_tablet=&#8220;500px&#8220; max_height_phone=&#8220;500px&#8220; max_height_last_edited=&#8220;on|phone&#8220; custom_margin=&#8220;-100px|-5vw|-100px|-30%|true|false&#8220; custom_margin_tablet=&#8220;0px|0px|0px|0px|true|true&#8220; custom_margin_phone=&#8220;&#8220; custom_margin_last_edited=&#8220;on|tablet&#8220; custom_padding=&#8220;|||||false&#8220; scroll_horizontal_motion_enable=&#8220;on&#8220; scroll_horizontal_motion=&#8220;0|50|50|100|-1|0|1&#8243; scroll_horizontal_motion_tablet=&#8220;0|50|50|100|0|0|0&#8243; scroll_horizontal_motion_phone=&#8220;&#8220; scroll_horizontal_motion_last_edited=&#8220;on|tablet&#8220; global_colors_info=&#8220;{}&#8220;][\/et_pb_image][\/et_pb_column][\/et_pb_row][\/et_pb_section][et_pb_section fb_built=&#8220;1&#8243; admin_label=&#8220;Shop&#8220; _builder_version=&#8220;4.16&#8243; background_color=&#8220;#f9f5f1&#8243; global_colors_info=&#8220;{}&#8220;][et_pb_row _builder_version=&#8220;4.16&#8243; locked=&#8220;off&#8220; global_colors_info=&#8220;{}&#8220;][et_pb_column type=&#8220;4_4&#8243; _builder_version=&#8220;4.16&#8243; global_colors_info=&#8220;{}&#8220;][et_pb_text _builder_version=&#8220;4.27.4&#8243; text_font=&#8220;Lora||||||||&#8220; text_line_height=&#8220;2em&#8220; header_2_text_color=&#8220;#722f37&#8243; header_2_font_size=&#8220;50px&#8220; header_2_line_height=&#8220;1.2em&#8220; text_orientation=&#8220;center&#8220; max_width=&#8220;600px&#8220; module_alignment=&#8220;center&#8220; header_2_font_size_tablet=&#8220;40px&#8220; header_2_font_size_phone=&#8220;28px&#8220; header_2_font_size_last_edited=&#8220;on|phone&#8220; header_2_line_height_tablet=&#8220;1.4em&#8220; header_2_line_height_phone=&#8220;&#8220; header_2_line_height_last_edited=&#8220;on|phone&#8220; global_colors_info=&#8220;{}&#8220;]<\/p>\n<h2>Unsere Empfehlung<\/h2>\n<p>[\/et_pb_text][\/et_pb_column][\/et_pb_row][et_pb_row column_structure=&#8220;1_3,1_3,1_3&#8243; _builder_version=&#8220;4.16&#8243; global_colors_info=&#8220;{}&#8220;][et_pb_column type=&#8220;1_3&#8243; _builder_version=&#8220;4.16&#8243; global_colors_info=&#8220;{}&#8220;][et_pb_image src=&#8220;https:\/\/wine-connect-people.at\/wp-content\/uploads\/2025\/10\/6-IMG_8484-NEW-LowQ-105&#215;300-1.png&#8220; title_text=&#8220;6-IMG_8484-NEW-LowQ-105&#215;300&#8243; url=&#8220;#&#8220; align=&#8220;center&#8220; _builder_version=&#8220;4.27.4&#8243; background_color=&#8220;rgba(0,0,0,0.03)&#8220; global_colors_info=&#8220;{}&#8220; transform_styles__hover_enabled=&#8220;on|hover&#8220; transform_scale__hover_enabled=&#8220;on|hover&#8220; transform_translate__hover_enabled=&#8220;on|desktop&#8220; transform_rotate__hover_enabled=&#8220;on|desktop&#8220; transform_skew__hover_enabled=&#8220;on|desktop&#8220; transform_origin__hover_enabled=&#8220;on|desktop&#8220; transform_scale__hover=&#8220;102%|102%&#8220;][\/et_pb_image][et_pb_text _builder_version=&#8220;4.27.4&#8243; text_font=&#8220;Lora||||||||&#8220; text_font_size=&#8220;16px&#8220; text_line_height=&#8220;2em&#8220; max_width_last_edited=&#8220;off|phone&#8220; global_colors_info=&#8220;{}&#8220; max_width__hover_enabled=&#8220;off|desktop&#8220;]<\/p>\n<p><strong>Sipon<\/strong>\u00a0aus Jeruzalem (Slow)<br \/>eine wei\u00dfe Autochthone Rebsorte<br \/>Kr\u00e4ftiger K\u00f6rper; vollmundig<br \/>Eleganter, passend f\u00fcr alle Anl\u00e4sse.<\/p>\n<p>[\/et_pb_text][\/et_pb_column][et_pb_column type=&#8220;1_3&#8243; _builder_version=&#8220;4.16&#8243; global_colors_info=&#8220;{}&#8220;][et_pb_image src=&#8220;https:\/\/wine-connect-people.at\/wp-content\/uploads\/2025\/10\/7-IMG_8487-NEW-LowQ-105&#215;300-1.png&#8220; title_text=&#8220;7-IMG_8487-NEW-LowQ-105&#215;300&#8243; url=&#8220;#&#8220; align=&#8220;center&#8220; _builder_version=&#8220;4.27.4&#8243; background_color=&#8220;rgba(0,0,0,0.03)&#8220; locked=&#8220;off&#8220; global_colors_info=&#8220;{}&#8220; transform_styles__hover_enabled=&#8220;on|hover&#8220; transform_scale__hover_enabled=&#8220;on|hover&#8220; transform_translate__hover_enabled=&#8220;on|hover&#8220; transform_rotate__hover_enabled=&#8220;on|hover&#8220; transform_skew__hover_enabled=&#8220;on|hover&#8220; transform_origin__hover_enabled=&#8220;on|hover&#8220; transform_scale__hover=&#8220;102%|102%&#8220;][\/et_pb_image][et_pb_text _builder_version=&#8220;4.27.4&#8243; text_font=&#8220;Lora||||||||&#8220; text_font_size=&#8220;16px&#8220; text_line_height=&#8220;2em&#8220; max_width_last_edited=&#8220;off|phone&#8220; global_colors_info=&#8220;{}&#8220; max_width__hover_enabled=&#8220;off|desktop&#8220;]<\/p>\n<p><span><strong>Sauvignon Blanc<\/strong> aus Jeruzalem ( Slow) ein sehr K\u00f6rperreicher Wei\u00dfwein , Gras , Holunder , Veilchen , sehr sch\u00f6ne Frucht und trotzdem sehr leicht zum Trinken.<\/span><\/p>\n<p>[\/et_pb_text][\/et_pb_column][et_pb_column type=&#8220;1_3&#8243; _builder_version=&#8220;4.16&#8243; global_colors_info=&#8220;{}&#8220;][et_pb_image src=&#8220;https:\/\/wine-connect-people.at\/wp-content\/uploads\/2025\/10\/9-Kopija-od-IMG_4617-NEW-LowQ-75&#215;300-1.png&#8220; title_text=&#8220;9-Kopija-od-IMG_4617-NEW-LowQ-75&#215;300&#8243; url=&#8220;#&#8220; align=&#8220;center&#8220; _builder_version=&#8220;4.27.4&#8243; background_color=&#8220;rgba(0,0,0,0.03)&#8220; locked=&#8220;off&#8220; global_colors_info=&#8220;{}&#8220; transform_styles__hover_enabled=&#8220;on|hover&#8220; transform_scale__hover_enabled=&#8220;on|hover&#8220; transform_translate__hover_enabled=&#8220;on|hover&#8220; transform_rotate__hover_enabled=&#8220;on|hover&#8220; transform_skew__hover_enabled=&#8220;on|hover&#8220; transform_origin__hover_enabled=&#8220;on|hover&#8220; transform_scale__hover=&#8220;102%|102%&#8220;][\/et_pb_image][et_pb_text _builder_version=&#8220;4.27.4&#8243; text_font=&#8220;Lora||||||||&#8220; text_font_size=&#8220;16px&#8220; text_line_height=&#8220;2em&#8220; max_width_last_edited=&#8220;off|phone&#8220; global_colors_info=&#8220;{}&#8220; max_width__hover_enabled=&#8220;off|desktop&#8220;]<\/p>\n<p><span><strong>Chardonnay<\/strong> aus Jeruzalem (Slow) ein saftiger Wei\u00dfwein und am Gaumen sehr verspielt , leicht zum trinken \u2013 tolle Mineralik.<\/span><\/p>\n<p>[\/et_pb_text][\/et_pb_column][\/et_pb_row][\/et_pb_section][et_pb_section fb_built=&#8220;1&#8243; custom_padding_last_edited=&#8220;on|phone&#8220; admin_label=&#8220;Testimonials&#8220; _builder_version=&#8220;4.16&#8243; background_color=&#8220;#f9f5f1&#8243; background_image=&#8220;https:\/\/wine-connect-people.at\/wp-content\/uploads\/2025\/10\/winery-38.jpg&#8220; background_size=&#8220;contain&#8220; background_position=&#8220;bottom_center&#8220; custom_padding=&#8220;160px||160px||false|false&#8220; custom_padding_tablet=&#8220;0px||60px||false|false&#8220; custom_padding_phone=&#8220;&#8220; background_last_edited=&#8220;off|desktop&#8220; background_position_tablet=&#8220;bottom_center&#8220; saved_tabs=&#8220;all&#8220; locked=&#8220;off&#8220; global_colors_info=&#8220;{}&#8220;][et_pb_row _builder_version=&#8220;4.16&#8243; width_tablet=&#8220;&#8220; width_phone=&#8220;100%&#8220; width_last_edited=&#8220;on|phone&#8220; locked=&#8220;off&#8220; global_colors_info=&#8220;{}&#8220;][et_pb_column type=&#8220;4_4&#8243; _builder_version=&#8220;4.16&#8243; global_colors_info=&#8220;{}&#8220;][et_pb_slider _builder_version=&#8220;4.27.4&#8243; header_level=&#8220;h3&#8243; header_font=&#8220;Lora||||||||&#8220; header_text_color=&#8220;#280400&#8243; header_font_size=&#8220;30px&#8220; header_line_height=&#8220;1.4em&#8220; body_font=&#8220;|700||on|||||&#8220; body_font_size=&#8220;12px&#8220; body_letter_spacing=&#8220;2px&#8220; body_line_height=&#8220;2.4em&#8220; max_width=&#8220;800px&#8220; module_alignment=&#8220;center&#8220; custom_padding=&#8220;0px||100px||false|false&#8220; header_font_size_tablet=&#8220;22px&#8220; header_font_size_phone=&#8220;18px&#8220; header_font_size_last_edited=&#8220;on|phone&#8220; header_line_height_tablet=&#8220;1.6em&#8220; header_line_height_phone=&#8220;&#8220; header_line_height_last_edited=&#8220;on|phone&#8220; global_colors_info=&#8220;{}&#8220;][et_pb_slide heading=&#8220;GENUSS wird bei UNS gro\u00df geschrieben.&#8220; _builder_version=&#8220;4.27.4&#8243; background_color=&#8220;rgba(0,0,0,0)&#8220; background_enable_color=&#8220;on&#8220; background_layout=&#8220;light&#8220; global_colors_info=&#8220;{}&#8220; sticky_transition=&#8220;on&#8220;][\/et_pb_slide][\/et_pb_slider][\/et_pb_column][\/et_pb_row][\/et_pb_section]<\/p>\n","protected":false},"excerpt":{"rendered":"<p>Wine connect peoplespezialisiert auf ausgesuchte Spitzenweine und Premium Lebensmittel! Hier entscheidet einzig und alleine die Qualit\u00e4t der Produkte und kein Mainstream oder Marketinggag. Jedes Produkt wird gewissenhaft ausgesucht, getestet und immer wieder in Zusammenarbeit mit den einzelnen Bauern mit Verantwortung auf h\u00f6chsten Level gebracht. Versandkostenfrei in ganz \u00d6sterreich!Unsere EmpfehlungSipon\u00a0aus Jeruzalem (Slow)eine wei\u00dfe Autochthone RebsorteKr\u00e4ftiger K\u00f6rper; [&hellip;]<\/p>\n","protected":false},"author":1,"featured_media":0,"parent":0,"menu_order":0,"comment_status":"closed","ping_status":"closed","template":"","meta":{"_et_pb_use_builder":"on","_et_pb_old_content":"<!-- wp:paragraph -->\n<p>This is an example page. It's different from a blog post because it will stay in one place and will show up in your site navigation (in most themes). Most people start with an About page that introduces them to potential site visitors. It might say something like this:<\/p>\n<!-- \/wp:paragraph -->\n\n<!-- wp:quote -->\n<blockquote class=\"wp-block-quote\"><p>Hi there! I'm a bike messenger by day, aspiring actor by night, and this is my website. I live in Los Angeles, have a great dog named Jack, and I like pi&#241;a coladas. (And gettin' caught in the rain.)<\/p><\/blockquote>\n<!-- \/wp:quote -->\n\n<!-- wp:paragraph -->\n<p>...or something like this:<\/p>\n<!-- \/wp:paragraph -->\n\n<!-- wp:quote -->\n<blockquote class=\"wp-block-quote\"><p>The XYZ Doohickey Company was founded in 1971, and has been providing quality doohickeys to the public ever since. Located in Gotham City, XYZ employs over 2,000 people and does all kinds of awesome things for the Gotham community.<\/p><\/blockquote>\n<!-- \/wp:quote -->\n\n<!-- wp:paragraph -->\n<p>As a new WordPress user, you should go to <a href=\"https:\/\/wine-connect-people.at\/wp-admin\/\">your dashboard<\/a> to delete this page and create new pages for your content. Have fun!<\/p>\n<!-- \/wp:paragraph -->","_et_gb_content_width":"","footnotes":""},"class_list":["post-2","page","type-page","status-publish","hentry"],"_links":{"self":[{"href":"https:\/\/www.wine-connect-people.at\/index.php?rest_route=\/wp\/v2\/pages\/2","targetHints":{"allow":["GET"]}}],"collection":[{"href":"https:\/\/www.wine-connect-people.at\/index.php?rest_route=\/wp\/v2\/pages"}],"about":[{"href":"https:\/\/www.wine-connect-people.at\/index.php?rest_route=\/wp\/v2\/types\/page"}],"author":[{"embeddable":true,"href":"https:\/\/www.wine-connect-people.at\/index.php?rest_route=\/wp\/v2\/users\/1"}],"replies":[{"embeddable":true,"href":"https:\/\/www.wine-connect-people.at\/index.php?rest_route=%2Fwp%2Fv2%2Fcomments&post=2"}],"version-history":[{"count":10,"href":"https:\/\/www.wine-connect-people.at\/index.php?rest_route=\/wp\/v2\/pages\/2\/revisions"}],"predecessor-version":[{"id":163,"href":"https:\/\/www.wine-connect-people.at\/index.php?rest_route=\/wp\/v2\/pages\/2\/revisions\/163"}],"wp:attachment":[{"href":"https:\/\/www.wine-connect-people.at\/index.php?rest_route=%2Fwp%2Fv2%2Fmedia&parent=2"}],"curies":[{"name":"wp","href":"https:\/\/api.w.org\/{rel}","templated":true}]}}