{"id":29,"date":"2025-10-17T18:59:26","date_gmt":"2025-10-17T18:59:26","guid":{"rendered":"https:\/\/wine-connect-people.at\/?page_id=29"},"modified":"2025-10-17T19:09:34","modified_gmt":"2025-10-17T19:09:34","slug":"weissweine","status":"publish","type":"page","link":"https:\/\/www.wine-connect-people.at\/?page_id=29","title":{"rendered":"Weissweine"},"content":{"rendered":"<p>[et_pb_section fb_built=&#8220;1&#8243; custom_padding_last_edited=&#8220;off|tablet&#8220; admin_label=&#8220;Taste Our Wine&#8220; _builder_version=&#8220;4.16&#8243; use_background_color_gradient=&#8220;on&#8220; background_color_gradient_direction=&#8220;90deg&#8220; background_color_gradient_stops=&#8220;#f9f5f1 60%|#e8e2d7 60%&#8220; background_color_gradient_start=&#8220;#f9f5f1&#8243; background_color_gradient_start_position=&#8220;60%&#8220; background_color_gradient_end=&#8220;#e8e2d7&#8243; background_color_gradient_end_position=&#8220;0%&#8220; custom_padding=&#8220;0px||0px||true|false&#8220; custom_padding_tablet=&#8220;||30px||false|false&#8220; custom_padding_phone=&#8220;||0px||false|false&#8220; background_last_edited=&#8220;on|phone&#8220; background_color_gradient_stops_tablet=&#8220;#f9f5f1 20%|#e8e2d7 20%&#8220; background_color_gradient_stops_phone=&#8220;#f9f5f1 25%|#e8e2d7 25%&#8220; background_color_gradient_start_position_tablet=&#8220;20%&#8220; background_color_gradient_start_position_phone=&#8220;25%&#8220; background_color_gradient_end_position_tablet=&#8220;20%&#8220; background_color_gradient_end_position_phone=&#8220;25%&#8220; locked=&#8220;off&#8220; global_colors_info=&#8220;{}&#8220; theme_builder_area=&#8220;post_content&#8220;][et_pb_row column_structure=&#8220;1_2,1_4,1_4&#8243; _builder_version=&#8220;4.16&#8243; global_colors_info=&#8220;{}&#8220; theme_builder_area=&#8220;post_content&#8220;][et_pb_column type=&#8220;1_2&#8243; _builder_version=&#8220;4.16&#8243; custom_padding=&#8220;100px||||false|false&#8220; custom_padding_tablet=&#8220;0px||40px||false|false&#8220; custom_padding_phone=&#8220;&#8220; custom_padding_last_edited=&#8220;on|phone&#8220; global_colors_info=&#8220;{}&#8220; theme_builder_area=&#8220;post_content&#8220;][et_pb_text _builder_version=&#8220;4.27.4&#8243; text_font=&#8220;Lora||||||||&#8220; text_line_height=&#8220;2em&#8220; header_text_color=&#8220;#722f37&#8243; header_font_size=&#8220;70px&#8220; header_line_height=&#8220;1.2em&#8220; max_width_last_edited=&#8220;off|phone&#8220; hover_enabled=&#8220;0&#8243; header_font_size_tablet=&#8220;60px&#8220; header_font_size_phone=&#8220;40px&#8220; header_font_size_last_edited=&#8220;on|phone&#8220; header_line_height_tablet=&#8220;1.4em&#8220; header_line_height_phone=&#8220;&#8220; header_line_height_last_edited=&#8220;on|phone&#8220; locked=&#8220;off&#8220; global_colors_info=&#8220;{}&#8220; max_width__hover_enabled=&#8220;off|desktop&#8220; theme_builder_area=&#8220;post_content&#8220; sticky_enabled=&#8220;0&#8243;]<\/p>\n<h1>Wei\u00dfweine<\/h1>\n<p>[\/et_pb_text][\/et_pb_column][et_pb_column type=&#8220;1_4&#8243; _builder_version=&#8220;4.16&#8243; background_color=&#8220;#280400&#8243; z_index=&#8220;10&#8243; custom_padding=&#8220;230px|30px|80px|30px|false|true&#8220; custom_padding_tablet=&#8220;60px||60px||true|true&#8220; custom_padding_phone=&#8220;40px|20px|40px|20px|true|true&#8220; custom_padding_last_edited=&#8220;on|phone&#8220; global_colors_info=&#8220;{}&#8220; theme_builder_area=&#8220;post_content&#8220;][et_pb_text _builder_version=&#8220;4.27.4&#8243; text_font=&#8220;Lora||||||||&#8220; text_line_height=&#8220;2em&#8220; header_2_font_size=&#8220;30px&#8220; header_2_line_height=&#8220;1.2em&#8220; background_layout=&#8220;dark&#8220; custom_margin=&#8220;||||false|false&#8220; hover_enabled=&#8220;0&#8243; header_2_font_size_last_edited=&#8220;off|phone&#8220; header_2_line_height_tablet=&#8220;1.4em&#8220; header_2_line_height_phone=&#8220;&#8220; header_2_line_height_last_edited=&#8220;on|phone&#8220; locked=&#8220;off&#8220; global_colors_info=&#8220;{}&#8220; theme_builder_area=&#8220;post_content&#8220; sticky_enabled=&#8220;0&#8243;]<\/p>\n<h2>Wine connect people<\/h2>\n<p>[\/et_pb_text][\/et_pb_column][et_pb_column type=&#8220;1_4&#8243; _builder_version=&#8220;4.16&#8243; global_colors_info=&#8220;{}&#8220; theme_builder_area=&#8220;post_content&#8220;][et_pb_image src=&#8220;https:\/\/wine-connect-people.at\/wp-content\/uploads\/2025\/10\/winery-41.png&#8220; _builder_version=&#8220;4.16&#8243; custom_margin=&#8220;|||-100%|false|false&#8220; custom_margin_tablet=&#8220;&#8220; custom_margin_phone=&#8220;|||0%|false|false&#8220; custom_margin_last_edited=&#8220;on|phone&#8220; global_colors_info=&#8220;{}&#8220; theme_builder_area=&#8220;post_content&#8220;][\/et_pb_image][\/et_pb_column][\/et_pb_row][\/et_pb_section][et_pb_section fb_built=&#8220;1&#8243; admin_label=&#8220;Club Packs&#8220; _builder_version=&#8220;4.16&#8243; background_color=&#8220;#f9f5f1&#8243; background_enable_image=&#8220;off&#8220; background_size=&#8220;initial&#8220; locked=&#8220;off&#8220; global_colors_info=&#8220;{}&#8220; theme_builder_area=&#8220;post_content&#8220;][et_pb_row column_structure=&#8220;1_4,1_4,1_4,1_4&#8243; _builder_version=&#8220;4.16&#8243; global_colors_info=&#8220;{}&#8220; theme_builder_area=&#8220;post_content&#8220;][et_pb_column type=&#8220;1_4&#8243; _builder_version=&#8220;4.16&#8243; global_colors_info=&#8220;{}&#8220; theme_builder_area=&#8220;post_content&#8220;][et_pb_image src=&#8220;https:\/\/wine-connect-people.at\/wp-content\/uploads\/2025\/10\/1ronk-300&#215;300-1.png&#8220; title_text=&#8220;1ronk-300&#215;300&#8243; _builder_version=&#8220;4.27.4&#8243; hover_enabled=&#8220;0&#8243; global_colors_info=&#8220;{}&#8220; theme_builder_area=&#8220;post_content&#8220; sticky_enabled=&#8220;0&#8243;][\/et_pb_image][\/et_pb_column][et_pb_column type=&#8220;1_4&#8243; _builder_version=&#8220;4.16&#8243; custom_padding=&#8220;40px||||false|false&#8220; custom_padding_tablet=&#8220;80px||||false|false&#8220; custom_padding_phone=&#8220;0px||||false|false&#8220; custom_padding_last_edited=&#8220;on|desktop&#8220; global_colors_info=&#8220;{}&#8220; theme_builder_area=&#8220;post_content&#8220;][et_pb_text _builder_version=&#8220;4.27.4&#8243; text_font=&#8220;Lora||||||||&#8220; header_4_text_color=&#8220;#280400&#8243; header_4_font_size=&#8220;22px&#8220; header_4_line_height=&#8220;1.6em&#8220; hover_enabled=&#8220;0&#8243; header_4_font_size_tablet=&#8220;20px&#8220; header_4_font_size_phone=&#8220;18px&#8220; header_4_font_size_last_edited=&#8220;on|phone&#8220; locked=&#8220;off&#8220; global_colors_info=&#8220;{}&#8220; theme_builder_area=&#8220;post_content&#8220; sticky_enabled=&#8220;0&#8243; text_font_size=&#8220;15px&#8220;]<\/p>\n<h4><strong>Chardonnay 2015 Ronk<\/strong><\/h4>\n<p><span>Chardonnay 2015 aus Dobrovo (Goriska Brsa) mit 12,8% Vol. Alk.<\/span><br \/><span>Trocken ausgebaut mit sehr viel Aroma und Frucht \u2013 sehr vollm\u00fcndig und langer Abgang mit Zitrusfr\u00fcchten.<\/span><\/p>\n<p>[\/et_pb_text][\/et_pb_column][et_pb_column type=&#8220;1_4&#8243; _builder_version=&#8220;4.16&#8243; global_colors_info=&#8220;{}&#8220; theme_builder_area=&#8220;post_content&#8220;][et_pb_image src=&#8220;https:\/\/wine-connect-people.at\/wp-content\/uploads\/2025\/10\/2otonel-300&#215;300-1.png&#8220; title_text=&#8220;2otonel-300&#215;300&#8243; _builder_version=&#8220;4.27.4&#8243; hover_enabled=&#8220;0&#8243; global_colors_info=&#8220;{}&#8220; theme_builder_area=&#8220;post_content&#8220; sticky_enabled=&#8220;0&#8243;][\/et_pb_image][\/et_pb_column][et_pb_column type=&#8220;1_4&#8243; _builder_version=&#8220;4.16&#8243; custom_padding=&#8220;40px||||false|false&#8220; custom_padding_tablet=&#8220;80px||||false|false&#8220; custom_padding_phone=&#8220;0px||||false|false&#8220; custom_padding_last_edited=&#8220;on|desktop&#8220; global_colors_info=&#8220;{}&#8220; theme_builder_area=&#8220;post_content&#8220;][et_pb_text _builder_version=&#8220;4.27.4&#8243; text_font=&#8220;Lora||||||||&#8220; header_4_text_color=&#8220;#280400&#8243; header_4_font_size=&#8220;22px&#8220; header_4_line_height=&#8220;1.6em&#8220; hover_enabled=&#8220;0&#8243; header_4_font_size_tablet=&#8220;20px&#8220; header_4_font_size_phone=&#8220;18px&#8220; header_4_font_size_last_edited=&#8220;on|phone&#8220; locked=&#8220;off&#8220; global_colors_info=&#8220;{}&#8220; theme_builder_area=&#8220;post_content&#8220; sticky_enabled=&#8220;0&#8243; text_font_size=&#8220;15px&#8220;]<\/p>\n<h4><strong>Muskat Otonel<\/strong><\/h4>\n<p><span>Muskat Otonel, sehr fruchtig, aromatischer, leichter Aperatifwein. Nur 10,8% Vol Alk, 9g Restzucker und 4,5 S\u00e4ure<\/span><br \/><span>Ein Wei\u00dfwein f\u00fcr jeden Tag, sehr erfrischend und s\u00fcffig!<\/span><\/p>\n<p>[\/et_pb_text][\/et_pb_column][\/et_pb_row][et_pb_row column_structure=&#8220;1_4,1_4,1_4,1_4&#8243; _builder_version=&#8220;4.16&#8243; global_colors_info=&#8220;{}&#8220; theme_builder_area=&#8220;post_content&#8220;][et_pb_column type=&#8220;1_4&#8243; _builder_version=&#8220;4.16&#8243; global_colors_info=&#8220;{}&#8220; theme_builder_area=&#8220;post_content&#8220;][et_pb_image src=&#8220;https:\/\/wine-connect-people.at\/wp-content\/uploads\/2025\/10\/3-62-80&#215;300-1.png&#8220; title_text=&#8220;3-62-80&#215;300&#8243; _builder_version=&#8220;4.27.4&#8243; hover_enabled=&#8220;0&#8243; global_colors_info=&#8220;{}&#8220; theme_builder_area=&#8220;post_content&#8220; sticky_enabled=&#8220;0&#8243;][\/et_pb_image][\/et_pb_column][et_pb_column type=&#8220;1_4&#8243; _builder_version=&#8220;4.16&#8243; custom_padding=&#8220;40px||||false|false&#8220; custom_padding_tablet=&#8220;80px||||false|false&#8220; custom_padding_phone=&#8220;0px||||false|false&#8220; custom_padding_last_edited=&#8220;on|desktop&#8220; global_colors_info=&#8220;{}&#8220; theme_builder_area=&#8220;post_content&#8220;][et_pb_text _builder_version=&#8220;4.27.4&#8243; text_font=&#8220;Lora||||||||&#8220; header_4_text_color=&#8220;#280400&#8243; header_4_font_size=&#8220;22px&#8220; header_4_line_height=&#8220;1.6em&#8220; hover_enabled=&#8220;0&#8243; header_4_font_size_tablet=&#8220;20px&#8220; header_4_font_size_phone=&#8220;18px&#8220; header_4_font_size_last_edited=&#8220;on|phone&#8220; locked=&#8220;off&#8220; global_colors_info=&#8220;{}&#8220; theme_builder_area=&#8220;post_content&#8220; sticky_enabled=&#8220;0&#8243; text_font_size=&#8220;15px&#8220;]<\/p>\n<h4><strong>Chardonnay Leiten 1244\u00a0 (Jahrgang 2013)<br \/><\/strong><\/h4>\n<p><span>Chardonnay aus der Riede Leiten 1244 , Jahrgang 2013 aus K\u00e4rnten.<\/span><\/p>\n<p>[\/et_pb_text][\/et_pb_column][et_pb_column type=&#8220;1_4&#8243; _builder_version=&#8220;4.16&#8243; global_colors_info=&#8220;{}&#8220; theme_builder_area=&#8220;post_content&#8220;][et_pb_image src=&#8220;https:\/\/wine-connect-people.at\/wp-content\/uploads\/2025\/10\/4-79&#215;300-1.png&#8220; title_text=&#8220;4-79&#215;300&#8243; _builder_version=&#8220;4.27.4&#8243; hover_enabled=&#8220;0&#8243; global_colors_info=&#8220;{}&#8220; theme_builder_area=&#8220;post_content&#8220; sticky_enabled=&#8220;0&#8243;][\/et_pb_image][\/et_pb_column][et_pb_column type=&#8220;1_4&#8243; _builder_version=&#8220;4.16&#8243; custom_padding=&#8220;40px||||false|false&#8220; custom_padding_tablet=&#8220;80px||||false|false&#8220; custom_padding_phone=&#8220;0px||||false|false&#8220; custom_padding_last_edited=&#8220;on|desktop&#8220; global_colors_info=&#8220;{}&#8220; theme_builder_area=&#8220;post_content&#8220;][et_pb_text _builder_version=&#8220;4.27.4&#8243; text_font=&#8220;Lora||||||||&#8220; header_4_text_color=&#8220;#280400&#8243; header_4_font_size=&#8220;22px&#8220; header_4_line_height=&#8220;1.6em&#8220; hover_enabled=&#8220;0&#8243; header_4_font_size_tablet=&#8220;20px&#8220; header_4_font_size_phone=&#8220;18px&#8220; header_4_font_size_last_edited=&#8220;on|phone&#8220; locked=&#8220;off&#8220; global_colors_info=&#8220;{}&#8220; theme_builder_area=&#8220;post_content&#8220; sticky_enabled=&#8220;0&#8243; text_font_size=&#8220;15px&#8220;]<\/p>\n<h4><strong>Sauvignon Blanc Leiten 1244\u00a0 (Jahrgang 2013)<br \/><\/strong><\/h4>\n<p><span>Sensationeller Sauvignon Blanc aus K\u00e4rnten, einmal etwas anderes.<\/span><\/p>\n<p>[\/et_pb_text][\/et_pb_column][\/et_pb_row][et_pb_row column_structure=&#8220;1_4,1_4,1_4,1_4&#8243; _builder_version=&#8220;4.16&#8243; global_colors_info=&#8220;{}&#8220; theme_builder_area=&#8220;post_content&#8220;][et_pb_column type=&#8220;1_4&#8243; _builder_version=&#8220;4.16&#8243; global_colors_info=&#8220;{}&#8220; theme_builder_area=&#8220;post_content&#8220;][et_pb_image src=&#8220;https:\/\/wine-connect-people.at\/wp-content\/uploads\/2025\/10\/5-MG_57622-140&#215;300-1.png&#8220; title_text=&#8220;5-MG_57622-140&#215;300&#8243; _builder_version=&#8220;4.27.4&#8243; hover_enabled=&#8220;0&#8243; global_colors_info=&#8220;{}&#8220; theme_builder_area=&#8220;post_content&#8220; sticky_enabled=&#8220;0&#8243;][\/et_pb_image][\/et_pb_column][et_pb_column type=&#8220;1_4&#8243; _builder_version=&#8220;4.16&#8243; custom_padding=&#8220;40px||||false|false&#8220; custom_padding_tablet=&#8220;80px||||false|false&#8220; custom_padding_phone=&#8220;0px||||false|false&#8220; custom_padding_last_edited=&#8220;on|desktop&#8220; global_colors_info=&#8220;{}&#8220; theme_builder_area=&#8220;post_content&#8220;][et_pb_text _builder_version=&#8220;4.27.4&#8243; text_font=&#8220;Lora||||||||&#8220; header_4_text_color=&#8220;#280400&#8243; header_4_font_size=&#8220;22px&#8220; header_4_line_height=&#8220;1.6em&#8220; hover_enabled=&#8220;0&#8243; header_4_font_size_tablet=&#8220;20px&#8220; header_4_font_size_phone=&#8220;18px&#8220; header_4_font_size_last_edited=&#8220;on|phone&#8220; locked=&#8220;off&#8220; global_colors_info=&#8220;{}&#8220; theme_builder_area=&#8220;post_content&#8220; sticky_enabled=&#8220;0&#8243; text_font_size=&#8220;15px&#8220;]<\/p>\n<h4><strong>FRIULANO 2013<br \/><\/strong><\/h4>\n<p><span>FRIULANO aus dem Collio ist ein sehr runder fruchtiger Wei\u00dfwein mit stolzen 13,5 % Vol. deshalb nat\u00fcrlich auch sehr Vollmundig und mit langem Abgang ! Super toller Trinkfluss.<\/span><\/p>\n<p>[\/et_pb_text][\/et_pb_column][et_pb_column type=&#8220;1_4&#8243; _builder_version=&#8220;4.16&#8243; global_colors_info=&#8220;{}&#8220; theme_builder_area=&#8220;post_content&#8220;][et_pb_image src=&#8220;https:\/\/wine-connect-people.at\/wp-content\/uploads\/2025\/10\/6-IMG_8484-NEW-LowQ-105&#215;300-1.png&#8220; title_text=&#8220;6-IMG_8484-NEW-LowQ-105&#215;300&#8243; _builder_version=&#8220;4.27.4&#8243; hover_enabled=&#8220;0&#8243; global_colors_info=&#8220;{}&#8220; theme_builder_area=&#8220;post_content&#8220; sticky_enabled=&#8220;0&#8243;][\/et_pb_image][\/et_pb_column][et_pb_column type=&#8220;1_4&#8243; _builder_version=&#8220;4.16&#8243; custom_padding=&#8220;40px||||false|false&#8220; custom_padding_tablet=&#8220;80px||||false|false&#8220; custom_padding_phone=&#8220;0px||||false|false&#8220; custom_padding_last_edited=&#8220;on|desktop&#8220; global_colors_info=&#8220;{}&#8220; theme_builder_area=&#8220;post_content&#8220;][et_pb_text _builder_version=&#8220;4.27.4&#8243; text_font=&#8220;Lora||||||||&#8220; header_4_text_color=&#8220;#280400&#8243; header_4_font_size=&#8220;22px&#8220; header_4_line_height=&#8220;1.6em&#8220; hover_enabled=&#8220;0&#8243; header_4_font_size_tablet=&#8220;20px&#8220; header_4_font_size_phone=&#8220;18px&#8220; header_4_font_size_last_edited=&#8220;on|phone&#8220; locked=&#8220;off&#8220; global_colors_info=&#8220;{}&#8220; theme_builder_area=&#8220;post_content&#8220; sticky_enabled=&#8220;0&#8243; text_font_size=&#8220;15px&#8220;]<\/p>\n<h4><strong>SIPON<\/strong><\/h4>\n<p><span>Wei\u00dfe Autochthone Rebsorte aus Jeruzalem ( Slow) kr\u00e4ftiger K\u00f6rper Vollmundig, ein eleganter sehr Trinkfreudiger Wein f\u00fcr alle Anl\u00e4sse, schmeckt nach mehr\u2026<\/span><\/p>\n<p>[\/et_pb_text][\/et_pb_column][\/et_pb_row][et_pb_row column_structure=&#8220;1_4,1_4,1_4,1_4&#8243; _builder_version=&#8220;4.16&#8243; global_colors_info=&#8220;{}&#8220; theme_builder_area=&#8220;post_content&#8220;][et_pb_column type=&#8220;1_4&#8243; _builder_version=&#8220;4.16&#8243; global_colors_info=&#8220;{}&#8220; theme_builder_area=&#8220;post_content&#8220;][et_pb_image src=&#8220;https:\/\/wine-connect-people.at\/wp-content\/uploads\/2025\/10\/7-IMG_8487-NEW-LowQ-105&#215;300-1.png&#8220; title_text=&#8220;7-IMG_8487-NEW-LowQ-105&#215;300&#8243; _builder_version=&#8220;4.27.4&#8243; hover_enabled=&#8220;0&#8243; global_colors_info=&#8220;{}&#8220; theme_builder_area=&#8220;post_content&#8220; sticky_enabled=&#8220;0&#8243;][\/et_pb_image][\/et_pb_column][et_pb_column type=&#8220;1_4&#8243; _builder_version=&#8220;4.16&#8243; custom_padding=&#8220;40px||||false|false&#8220; custom_padding_tablet=&#8220;80px||||false|false&#8220; custom_padding_phone=&#8220;0px||||false|false&#8220; custom_padding_last_edited=&#8220;on|desktop&#8220; global_colors_info=&#8220;{}&#8220; theme_builder_area=&#8220;post_content&#8220;][et_pb_text _builder_version=&#8220;4.27.4&#8243; text_font=&#8220;Lora||||||||&#8220; header_4_text_color=&#8220;#280400&#8243; header_4_font_size=&#8220;22px&#8220; header_4_line_height=&#8220;1.6em&#8220; hover_enabled=&#8220;0&#8243; header_4_font_size_tablet=&#8220;20px&#8220; header_4_font_size_phone=&#8220;18px&#8220; header_4_font_size_last_edited=&#8220;on|phone&#8220; locked=&#8220;off&#8220; global_colors_info=&#8220;{}&#8220; theme_builder_area=&#8220;post_content&#8220; sticky_enabled=&#8220;0&#8243; text_font_size=&#8220;15px&#8220;]<\/p>\n<h4><strong>Sauvignon Blanc\u00a0<\/strong><\/h4>\n<p><span>Sauvignon Blanc aus Jeruzalem ( Slow) ein sehr K\u00f6rperreicher Wei\u00dfwein , Gras , Holunder , Veilchen , sehr sch\u00f6ne Frucht und trotzdem sehr leicht zum Trinken.<\/span><\/p>\n<p>[\/et_pb_text][\/et_pb_column][et_pb_column type=&#8220;1_4&#8243; _builder_version=&#8220;4.16&#8243; global_colors_info=&#8220;{}&#8220; theme_builder_area=&#8220;post_content&#8220;][et_pb_image src=&#8220;https:\/\/wine-connect-people.at\/wp-content\/uploads\/2025\/10\/8-Kopija-od-IMG_4608-NEW-LowQ-75&#215;300-1.png&#8220; title_text=&#8220;8-Kopija-od-IMG_4608-NEW-LowQ-75&#215;300&#8243; _builder_version=&#8220;4.27.4&#8243; hover_enabled=&#8220;0&#8243; global_colors_info=&#8220;{}&#8220; theme_builder_area=&#8220;post_content&#8220; sticky_enabled=&#8220;0&#8243;][\/et_pb_image][\/et_pb_column][et_pb_column type=&#8220;1_4&#8243; _builder_version=&#8220;4.16&#8243; custom_padding=&#8220;40px||||false|false&#8220; custom_padding_tablet=&#8220;80px||||false|false&#8220; custom_padding_phone=&#8220;0px||||false|false&#8220; custom_padding_last_edited=&#8220;on|desktop&#8220; global_colors_info=&#8220;{}&#8220; theme_builder_area=&#8220;post_content&#8220;][et_pb_text _builder_version=&#8220;4.27.4&#8243; text_font=&#8220;Lora||||||||&#8220; header_4_text_color=&#8220;#280400&#8243; header_4_font_size=&#8220;22px&#8220; header_4_line_height=&#8220;1.6em&#8220; hover_enabled=&#8220;0&#8243; header_4_font_size_tablet=&#8220;20px&#8220; header_4_font_size_phone=&#8220;18px&#8220; header_4_font_size_last_edited=&#8220;on|phone&#8220; locked=&#8220;off&#8220; global_colors_info=&#8220;{}&#8220; theme_builder_area=&#8220;post_content&#8220; sticky_enabled=&#8220;0&#8243; text_font_size=&#8220;15px&#8220;]<\/p>\n<h4><strong>Rumeni Muskat\u00a0<\/strong><\/h4>\n<p><span>RUMENI MUSKAT ( Gelber Muskateller ) aus Jeruzalem ( Slow) ein sehr fruchtiger Wei\u00dfwein mit etwas mehr Zuckergehalt, lieblich aber sehr stoffig und Vollmundig. \u00a0sehr s\u00fcffig \u2013 dieser Wein hat seine Liebhaber!<\/span><\/p>\n<p>[\/et_pb_text][\/et_pb_column][\/et_pb_row][et_pb_row column_structure=&#8220;1_4,1_4,1_4,1_4&#8243; _builder_version=&#8220;4.16&#8243; global_colors_info=&#8220;{}&#8220; theme_builder_area=&#8220;post_content&#8220;][et_pb_column type=&#8220;1_4&#8243; _builder_version=&#8220;4.16&#8243; global_colors_info=&#8220;{}&#8220; theme_builder_area=&#8220;post_content&#8220;][et_pb_image src=&#8220;https:\/\/wine-connect-people.at\/wp-content\/uploads\/2025\/10\/9-Kopija-od-IMG_4617-NEW-LowQ-75&#215;300-1.png&#8220; title_text=&#8220;9-Kopija-od-IMG_4617-NEW-LowQ-75&#215;300&#8243; _builder_version=&#8220;4.27.4&#8243; hover_enabled=&#8220;0&#8243; global_colors_info=&#8220;{}&#8220; theme_builder_area=&#8220;post_content&#8220; sticky_enabled=&#8220;0&#8243;][\/et_pb_image][\/et_pb_column][et_pb_column type=&#8220;1_4&#8243; _builder_version=&#8220;4.16&#8243; custom_padding=&#8220;40px||||false|false&#8220; custom_padding_tablet=&#8220;80px||||false|false&#8220; custom_padding_phone=&#8220;0px||||false|false&#8220; custom_padding_last_edited=&#8220;on|desktop&#8220; global_colors_info=&#8220;{}&#8220; theme_builder_area=&#8220;post_content&#8220;][et_pb_text _builder_version=&#8220;4.27.4&#8243; text_font=&#8220;Lora||||||||&#8220; header_4_text_color=&#8220;#280400&#8243; header_4_font_size=&#8220;22px&#8220; header_4_line_height=&#8220;1.6em&#8220; hover_enabled=&#8220;0&#8243; header_4_font_size_tablet=&#8220;20px&#8220; header_4_font_size_phone=&#8220;18px&#8220; header_4_font_size_last_edited=&#8220;on|phone&#8220; locked=&#8220;off&#8220; global_colors_info=&#8220;{}&#8220; theme_builder_area=&#8220;post_content&#8220; sticky_enabled=&#8220;0&#8243; text_font_size=&#8220;15px&#8220;]<\/p>\n<h4><strong>Chardonnay\u00a0<\/strong><\/h4>\n<p>Chardonnay aus Jeruzalem (Slow) ein saftiger Wei\u00dfwein und am Gaumen sehr verspielt , leicht zum trinken \u2013 tolle Mineralik<\/p>\n<p>[\/et_pb_text][\/et_pb_column][et_pb_column type=&#8220;1_4&#8243; _builder_version=&#8220;4.16&#8243; global_colors_info=&#8220;{}&#8220; theme_builder_area=&#8220;post_content&#8220;][et_pb_image src=&#8220;https:\/\/wine-connect-people.at\/wp-content\/uploads\/2025\/10\/10-Constantini-muse_gold-113&#215;300-1.png&#8220; title_text=&#8220;10-Constantini-muse_gold-113&#215;300&#8243; _builder_version=&#8220;4.27.4&#8243; hover_enabled=&#8220;0&#8243; global_colors_info=&#8220;{}&#8220; theme_builder_area=&#8220;post_content&#8220; sticky_enabled=&#8220;0&#8243;][\/et_pb_image][\/et_pb_column][et_pb_column type=&#8220;1_4&#8243; _builder_version=&#8220;4.16&#8243; custom_padding=&#8220;40px||||false|false&#8220; custom_padding_tablet=&#8220;80px||||false|false&#8220; custom_padding_phone=&#8220;0px||||false|false&#8220; custom_padding_last_edited=&#8220;on|desktop&#8220; global_colors_info=&#8220;{}&#8220; theme_builder_area=&#8220;post_content&#8220;][et_pb_text _builder_version=&#8220;4.27.4&#8243; text_font=&#8220;Lora||||||||&#8220; header_4_text_color=&#8220;#280400&#8243; header_4_font_size=&#8220;22px&#8220; header_4_line_height=&#8220;1.6em&#8220; hover_enabled=&#8220;0&#8243; header_4_font_size_tablet=&#8220;20px&#8220; header_4_font_size_phone=&#8220;18px&#8220; header_4_font_size_last_edited=&#8220;on|phone&#8220; locked=&#8220;off&#8220; global_colors_info=&#8220;{}&#8220; theme_builder_area=&#8220;post_content&#8220; sticky_enabled=&#8220;0&#8243; text_font_size=&#8220;15px&#8220;]<\/p>\n<h4><strong>MUSE GOLD<\/strong><\/h4>\n<p><span>Ein wei\u00dfer Cuvee aus Chardonnay\/Sauvignon Blanc\/Sauvignon Vert<\/span><br \/><span>Die Traube sind aus der Gorsika Brda (Slow) und geben aufgrund des Sandsteines eine<\/span><br \/><span>tolle Mineralik dem Wein, am Gaumen Pfirsichankl\u00e4nge, gr\u00fcner Apfel, Aprikosen<\/span><br \/><span>und ein wenig Hasselnuss\u2026 und der Abgang mit Vanille !<\/span><\/p>\n<p>[\/et_pb_text][\/et_pb_column][\/et_pb_row][\/et_pb_section]<\/p>\n","protected":false},"excerpt":{"rendered":"<p>Wei\u00dfweineWine connect peopleChardonnay 2015 Ronk Chardonnay 2015 aus Dobrovo (Goriska Brsa) mit 12,8% Vol. Alk.Trocken ausgebaut mit sehr viel Aroma und Frucht \u2013 sehr vollm\u00fcndig und langer Abgang mit Zitrusfr\u00fcchten.Muskat Otonel Muskat Otonel, sehr fruchtig, aromatischer, leichter Aperatifwein. Nur 10,8% Vol Alk, 9g Restzucker und 4,5 S\u00e4ureEin Wei\u00dfwein f\u00fcr jeden Tag, sehr erfrischend und s\u00fcffig!Chardonnay [&hellip;]<\/p>\n","protected":false},"author":1,"featured_media":0,"parent":0,"menu_order":0,"comment_status":"closed","ping_status":"closed","template":"","meta":{"_et_pb_use_builder":"on","_et_pb_old_content":"","_et_gb_content_width":"","footnotes":""},"class_list":["post-29","page","type-page","status-publish","hentry"],"_links":{"self":[{"href":"https:\/\/www.wine-connect-people.at\/index.php?rest_route=\/wp\/v2\/pages\/29","targetHints":{"allow":["GET"]}}],"collection":[{"href":"https:\/\/www.wine-connect-people.at\/index.php?rest_route=\/wp\/v2\/pages"}],"about":[{"href":"https:\/\/www.wine-connect-people.at\/index.php?rest_route=\/wp\/v2\/types\/page"}],"author":[{"embeddable":true,"href":"https:\/\/www.wine-connect-people.at\/index.php?rest_route=\/wp\/v2\/users\/1"}],"replies":[{"embeddable":true,"href":"https:\/\/www.wine-connect-people.at\/index.php?rest_route=%2Fwp%2Fv2%2Fcomments&post=29"}],"version-history":[{"count":4,"href":"https:\/\/www.wine-connect-people.at\/index.php?rest_route=\/wp\/v2\/pages\/29\/revisions"}],"predecessor-version":[{"id":46,"href":"https:\/\/www.wine-connect-people.at\/index.php?rest_route=\/wp\/v2\/pages\/29\/revisions\/46"}],"wp:attachment":[{"href":"https:\/\/www.wine-connect-people.at\/index.php?rest_route=%2Fwp%2Fv2%2Fmedia&parent=29"}],"curies":[{"name":"wp","href":"https:\/\/api.w.org\/{rel}","templated":true}]}}