{"id":3,"date":"2025-10-17T12:41:34","date_gmt":"2025-10-17T12:41:34","guid":{"rendered":"https:\/\/wine-connect-people.at\/?page_id=3"},"modified":"2025-10-17T19:51:51","modified_gmt":"2025-10-17T19:51:51","slug":"impressumunddateschutz","status":"publish","type":"page","link":"https:\/\/www.wine-connect-people.at\/?page_id=3","title":{"rendered":"Impressum und Datenschutz"},"content":{"rendered":"<p>[et_pb_section fb_built=&#8220;1&#8243; admin_label=&#8220;Header&#8220; _builder_version=&#8220;4.16&#8243; background_color=&#8220;#f9f5f1&#8243; background_image=&#8220;https:\/\/wine-connect-people.at\/wp-content\/uploads\/2025\/10\/winery-69.jpg&#8220; background_size=&#8220;contain&#8220; background_position=&#8220;top_right&#8220; global_colors_info=&#8220;{}&#8220;][et_pb_row _builder_version=&#8220;4.16&#8243; global_colors_info=&#8220;{}&#8220;][et_pb_column type=&#8220;4_4&#8243; _builder_version=&#8220;4.16&#8243; global_colors_info=&#8220;{}&#8220;][et_pb_text _builder_version=&#8220;4.27.4&#8243; text_font=&#8220;Lora||||||||&#8220; text_line_height=&#8220;2em&#8220; header_text_color=&#8220;#722f37&#8243; header_font_size=&#8220;80px&#8220; max_width=&#8220;880px&#8220; hover_enabled=&#8220;0&#8243; header_font_size_tablet=&#8220;60px&#8220; header_font_size_phone=&#8220;40px&#8220; header_font_size_last_edited=&#8220;on|phone&#8220; global_colors_info=&#8220;{}&#8220; max_width__hover_enabled=&#8220;off|desktop&#8220; sticky_enabled=&#8220;0&#8243;]<\/p>\n<h1>Impressum und Datenschutz<\/h1>\n<p>[\/et_pb_text][\/et_pb_column][\/et_pb_row][et_pb_row _builder_version=&#8220;4.16&#8243; use_background_color_gradient=&#8220;on&#8220; background_color_gradient_direction=&#8220;90deg&#8220; background_color_gradient_stops=&#8220;rgba(248,245,241,0) 33%|rgba(248,245,241,0.79) 100%&#8220; background_color_gradient_overlays_image=&#8220;on&#8220; background_color_gradient_start=&#8220;rgba(248,245,241,0)&#8220; background_color_gradient_start_position=&#8220;33%&#8220; background_color_gradient_end=&#8220;rgba(248,245,241,0.79)&#8220; background_image=&#8220;https:\/\/wine-connect-people.at\/wp-content\/uploads\/2025\/10\/winery-68.jpg&#8220; custom_padding=&#8220;60px|60px|60px|60px|true|true&#8220; locked=&#8220;off&#8220; global_colors_info=&#8220;{}&#8220;][et_pb_column type=&#8220;4_4&#8243; _builder_version=&#8220;4.16&#8243; global_colors_info=&#8220;{}&#8220;][\/et_pb_column][\/et_pb_row][\/et_pb_section][et_pb_section fb_built=&#8220;1&#8243; _builder_version=&#8220;4.16&#8243; background_color=&#8220;#f9f5f1&#8243; background_enable_image=&#8220;off&#8220; background_size=&#8220;initial&#8220; global_colors_info=&#8220;{}&#8220;][et_pb_row column_structure=&#8220;1_3,1_3,1_3&#8243; _builder_version=&#8220;4.16&#8243; custom_margin=&#8220;40px||||false|false&#8220; locked=&#8220;off&#8220; global_colors_info=&#8220;{}&#8220;][et_pb_column type=&#8220;1_3&#8243; _builder_version=&#8220;4.16&#8243; global_colors_info=&#8220;{}&#8220;][et_pb_image src=&#8220;https:\/\/wine-connect-people.at\/wp-content\/uploads\/2025\/10\/winery-67.png&#8220; title_text=&#8220;winery-67&#8243; _builder_version=&#8220;4.16&#8243; max_width_tablet=&#8220;300px&#8220; max_width_phone=&#8220;&#8220; max_width_last_edited=&#8220;on|phone&#8220; custom_margin=&#8220;|||-5vw|false|false&#8220; custom_margin_tablet=&#8220;||-20vw|0vw|false|false&#8220; custom_margin_phone=&#8220;&#8220; custom_margin_last_edited=&#8220;on|phone&#8220; locked=&#8220;off&#8220; global_colors_info=&#8220;{}&#8220;][\/et_pb_image][\/et_pb_column][et_pb_column type=&#8220;1_3&#8243; _builder_version=&#8220;4.16&#8243; global_colors_info=&#8220;{}&#8220;][et_pb_text _builder_version=&#8220;4.27.4&#8243; text_font=&#8220;Lora||||||||&#8220; text_text_color=&#8220;#280400&#8243; text_font_size=&#8220;18px&#8220; text_line_height=&#8220;2em&#8220; hover_enabled=&#8220;0&#8243; locked=&#8220;off&#8220; global_colors_info=&#8220;{}&#8220; sticky_enabled=&#8220;0&#8243;]<\/p>\n<p>Dipl. FW Werner M\u00f6rtl<br \/>Weinakademiker.winegraduate.vini accademeci<\/p>\n<p>T: +43 650 520 9500<br \/>E: <a href=\"mailto:w.moertl@wine-connect-people.at\">w.moertl@wine-connect-people.at <\/a><br \/>9020 Klagenfurt \u2013 Austria<\/p>\n<p>[\/et_pb_text][\/et_pb_column][et_pb_column type=&#8220;1_3&#8243; _builder_version=&#8220;4.16&#8243; global_colors_info=&#8220;{}&#8220;][\/et_pb_column][\/et_pb_row][\/et_pb_section][et_pb_section fb_built=&#8220;1&#8243; _builder_version=&#8220;4.16&#8243; background_color=&#8220;#f9f5f1&#8243; background_enable_image=&#8220;off&#8220; background_size=&#8220;initial&#8220; custom_padding=&#8220;5px|||||&#8220; global_colors_info=&#8220;{}&#8220;][et_pb_row _builder_version=&#8220;4.16&#8243; custom_margin=&#8220;40px||||false|false&#8220; locked=&#8220;off&#8220; global_colors_info=&#8220;{}&#8220;][et_pb_column type=&#8220;4_4&#8243; _builder_version=&#8220;4.16&#8243; global_colors_info=&#8220;{}&#8220;][et_pb_text _builder_version=&#8220;4.27.4&#8243; text_font=&#8220;Lora||||||||&#8220; text_line_height=&#8220;2em&#8220; hover_enabled=&#8220;0&#8243; locked=&#8220;off&#8220; global_colors_info=&#8220;{}&#8220; text_font_size=&#8220;16px&#8220; sticky_enabled=&#8220;0&#8243;]<\/p>\n<p><strong>Begriffsdefinition<\/strong><\/p>\n<p>Unter personenbezogenen Daten verstehen wir Ihren Namen, Ihre postalische(n) Adresse(n), Ihre Telefonnummer(n), Ihre E-Mail-Adresse(n) sowie Ihr Geburtsdatum. Die Angabe einer Anrede ist auf unserer Website optional und nicht erforderlich.<\/p>\n<p><strong>Generierung personenbezogener Daten<\/strong><\/p>\n<p>Auf unserer Site werden keine personenbezogenen Daten automatisiert ermittelt. Das hei\u00dft: Nur durch Ihre aktive Eingabe sind uns diese Daten bekannt und nur durch eine aktive Eingabe unsererseits werden diese Daten mit bereits Vorhandenem abgeglichen (bei Adress- oder Namens\u00e4nderungen etc.). Kreditkartennummern werden durch uns weder erfasst noch gespeichert. Die gesamte Abwicklung der Kreditkartenzahlung erfolgt \u00fcber den externen Dienstleister PayPal, und wir verweisen auf dessen Datenschutzbestimmungen, welche Sie hier einsehen k\u00f6nnen.<\/p>\n<p><strong>Statistische Auswertungen<\/strong><\/p>\n<p>Diese Website benutzt Google Analytics, einen Webanalysedienst der Google Inc. (\u201eGoogle\u201c). Google Analytics verwendet sog. \u201eCookies\u201c, Textdateien, die auf Ihrem Computer gespeichert werden und die eine Analyse der Benutzung der Website durch Sie erm\u00f6glichen. Die durch den Cookie erzeugten Informationen \u00fcber Ihre Benutzung dieser Website (einschlie\u00dflich Ihrer IP-Adresse) werden an einen Server von Google in den USA \u00fcbertragen und dort gespeichert. Google wird diese Informationen benutzen, um Ihre Nutzung der Website auszuwerten, um Reports \u00fcber die Websiteaktivit\u00e4ten f\u00fcr die Websitebetreiber zusammenzustellen und um weitere mit der Websitenutzung und der Internetnutzung verbundene Dienstleistungen zu erbringen. Auch wird Google diese Informationen gegebenenfalls an Dritte \u00fcbertragen, sofern dies gesetzlich vorgeschrieben oder soweit Dritte diese Daten im Auftrag von Google verarbeiten. Google wird in keinem Fall Ihre IP-Adresse mit anderen Daten von Google-Applikationen in Verbindung bringen. Sie k\u00f6nnen die Installation der Cookies durch eine entsprechende Einstellung Ihrer Browser-Software verhindern; wir weisen Sie jedoch darauf hin, dass Sie in diesem Fall gegebenenfalls nicht s\u00e4mtliche Funktionen dieser Website vollumf\u00e4nglich nutzen k\u00f6nnen. Durch die Nutzung dieser Website erkl\u00e4ren Sie sich mit der Bearbeitung der \u00fcber Sie erhobenen Daten durch Google in der zuvor beschriebenen Art und Weise und zu dem zuvor benannten Zweck einverstanden.<\/p>\n<p><strong>Verwendung von Cookies<\/strong><\/p>\n<p>Zur Erleichterung der Benutzung unserer Website benutzen wir sog. Cookies. \u201eCookies\u201c sind kleine Informationen, die von Ihrem Browser tempor\u00e4r auf der Festplatte Ihres Computers gespeichert werden und f\u00fcr die Benutzung unserer Webseite erforderlich sind. So dienen die in den Cookies enthaltenen Informationen der Sitzungssteuerung, insbesondere der Verbesserung der Navigation, beispielsweise der Steuerung des Warenkorbs, den Sie w\u00e4hrend des Bestellvorgangs verwenden. Wir haben diese Cookies so eingestellt, dass sie f\u00fcr 30 Tage gespeichert werden. Dadurch erm\u00f6glichen wir ein hohes Ma\u00df an Benutzerfreundlichkeit unserer Website. Die von uns verwendeten Cookies speichern keine personenspezifischen Informationen. Bei den meisten Web-Browsern werden Cookies automatisch akzeptiert. Durch \u00c4nderung der Einstellungen Ihres Browsers k\u00f6nnen Sie dies vermeiden. Sie k\u00f6nnen auf Ihrem PC gespeicherte Cookies jederzeit durch L\u00f6schen der tempor\u00e4ren Internetdateien (Browserleiste Extras-Internetoptionen) entfernen.<\/p>\n<p><strong>E-Mails<\/strong><\/p>\n<p>Wenn Sie die auf dieser Seite angebotenen Mailfunktionen verwenden, werden die von Ihnen erstellten E-Mails ausschlie\u00dflich an die jeweils angegebenen E-Mail-Adressen versandt. Sie erhalten f\u00fcr sich eine CC-Mail an die von Ihnen eingegebene E-Mail-Adresse zugesandt.<\/p>\n<p><strong>Bestellungen<\/strong><\/p>\n<p>Im Zuge von Bestellungen werden Ihre \u00fcbermittelten Daten manuell mit dem vorhandenen Datenbestand auf G\u00fcltigkeit und Aktualit\u00e4t \u00fcberpr\u00fcft und gegebenenfalls abgeglichen. Dazu kann es notwendig sein, dass wir mit Ihnen Kontakt aufnehmen m\u00fcssen. Dies geschieht mittels E-Mail oder telefonisch. Die bestellten Produkte bleiben, soweit zuordenbar, dem Besteller zugeordnet.<\/p>\n<p><strong>Weitergabe von Daten<\/strong><\/p>\n<p>Wir garantieren, dass wir die von Ihnen zur Verf\u00fcgung gestellten Daten weder entgeltlich noch unentgeltlich Dritten zur Verf\u00fcgung stellen werden, sofern Sie nicht dazu ausdr\u00fccklich Ihre Zustimmung gegeben haben.<\/p>\n<p><strong>Links<\/strong><\/p>\n<p>Wir \u00fcberpr\u00fcfen Links, die unseren Internetauftritt verlassen, redaktionell sehr sorgf\u00e4ltig. Trotzdem \u00fcbernehmen wir f\u00fcr Inhalte auf Seiten, auf die von diesem Internetauftritt aus gelinkt wird, keinerlei Verantwortung oder Haftung.<\/p>\n<p>[\/et_pb_text][\/et_pb_column][\/et_pb_row][\/et_pb_section]<\/p>\n","protected":false},"excerpt":{"rendered":"<p>Impressum und DatenschutzDipl. FW Werner M\u00f6rtlWeinakademiker.winegraduate.vini accademeci T: +43 650 520 9500E: w.moertl@wine-connect-people.at 9020 Klagenfurt \u2013 AustriaBegriffsdefinition Unter personenbezogenen Daten verstehen wir Ihren Namen, Ihre postalische(n) Adresse(n), Ihre Telefonnummer(n), Ihre E-Mail-Adresse(n) sowie Ihr Geburtsdatum. Die Angabe einer Anrede ist auf unserer Website optional und nicht erforderlich. Generierung personenbezogener Daten Auf unserer Site werden keine personenbezogenen [&hellip;]<\/p>\n","protected":false},"author":1,"featured_media":0,"parent":0,"menu_order":0,"comment_status":"closed","ping_status":"closed","template":"","meta":{"_et_pb_use_builder":"on","_et_pb_old_content":"<!-- wp:heading -->\n<h2 class=\"wp-block-heading\">Who we are<\/h2>\n<!-- \/wp:heading -->\n<!-- wp:paragraph -->\n<p><strong class=\"privacy-policy-tutorial\">Suggested text: <\/strong>Our website address is: https:\/\/wine-connect-people.at.<\/p>\n<!-- \/wp:paragraph -->\n<!-- wp:heading -->\n<h2 class=\"wp-block-heading\">Comments<\/h2>\n<!-- \/wp:heading -->\n<!-- wp:paragraph -->\n<p><strong class=\"privacy-policy-tutorial\">Suggested text: <\/strong>When visitors leave comments on the site we collect the data shown in the comments form, and also the visitor&#8217;s IP address and browser user agent string to help spam detection.<\/p>\n<!-- \/wp:paragraph -->\n<!-- wp:paragraph -->\n<p>An anonymized string created from your email address (also called a hash) may be provided to the Gravatar service to see if you are using it. The Gravatar service privacy policy is available here: https:\/\/automattic.com\/privacy\/. After approval of your comment, your profile picture is visible to the public in the context of your comment.<\/p>\n<!-- \/wp:paragraph -->\n<!-- wp:heading -->\n<h2 class=\"wp-block-heading\">Media<\/h2>\n<!-- \/wp:heading -->\n<!-- wp:paragraph -->\n<p><strong class=\"privacy-policy-tutorial\">Suggested text: <\/strong>If you upload images to the website, you should avoid uploading images with embedded location data (EXIF GPS) included. Visitors to the website can download and extract any location data from images on the website.<\/p>\n<!-- \/wp:paragraph -->\n<!-- wp:heading -->\n<h2 class=\"wp-block-heading\">Cookies<\/h2>\n<!-- \/wp:heading -->\n<!-- wp:paragraph -->\n<p><strong class=\"privacy-policy-tutorial\">Suggested text: <\/strong>If you leave a comment on our site you may opt-in to saving your name, email address and website in cookies. These are for your convenience so that you do not have to fill in your details again when you leave another comment. These cookies will last for one year.<\/p>\n<!-- \/wp:paragraph -->\n<!-- wp:paragraph -->\n<p>If you visit our login page, we will set a temporary cookie to determine if your browser accepts cookies. This cookie contains no personal data and is discarded when you close your browser.<\/p>\n<!-- \/wp:paragraph -->\n<!-- wp:paragraph -->\n<p>When you log in, we will also set up several cookies to save your login information and your screen display choices. Login cookies last for two days, and screen options cookies last for a year. If you select &quot;Remember Me&quot;, your login will persist for two weeks. If you log out of your account, the login cookies will be removed.<\/p>\n<!-- \/wp:paragraph -->\n<!-- wp:paragraph -->\n<p>If you edit or publish an article, an additional cookie will be saved in your browser. This cookie includes no personal data and simply indicates the post ID of the article you just edited. It expires after 1 day.<\/p>\n<!-- \/wp:paragraph -->\n<!-- wp:heading -->\n<h2 class=\"wp-block-heading\">Embedded content from other websites<\/h2>\n<!-- \/wp:heading -->\n<!-- wp:paragraph -->\n<p><strong class=\"privacy-policy-tutorial\">Suggested text: <\/strong>Articles on this site may include embedded content (e.g. videos, images, articles, etc.). Embedded content from other websites behaves in the exact same way as if the visitor has visited the other website.<\/p>\n<!-- \/wp:paragraph -->\n<!-- wp:paragraph -->\n<p>These websites may collect data about you, use cookies, embed additional third-party tracking, and monitor your interaction with that embedded content, including tracking your interaction with the embedded content if you have an account and are logged in to that website.<\/p>\n<!-- \/wp:paragraph -->\n<!-- wp:heading -->\n<h2 class=\"wp-block-heading\">Who we share your data with<\/h2>\n<!-- \/wp:heading -->\n<!-- wp:paragraph -->\n<p><strong class=\"privacy-policy-tutorial\">Suggested text: <\/strong>If you request a password reset, your IP address will be included in the reset email.<\/p>\n<!-- \/wp:paragraph -->\n<!-- wp:heading -->\n<h2 class=\"wp-block-heading\">How long we retain your data<\/h2>\n<!-- \/wp:heading -->\n<!-- wp:paragraph -->\n<p><strong class=\"privacy-policy-tutorial\">Suggested text: <\/strong>If you leave a comment, the comment and its metadata are retained indefinitely. This is so we can recognize and approve any follow-up comments automatically instead of holding them in a moderation queue.<\/p>\n<!-- \/wp:paragraph -->\n<!-- wp:paragraph -->\n<p>For users that register on our website (if any), we also store the personal information they provide in their user profile. All users can see, edit, or delete their personal information at any time (except they cannot change their username). Website administrators can also see and edit that information.<\/p>\n<!-- \/wp:paragraph -->\n<!-- wp:heading -->\n<h2 class=\"wp-block-heading\">What rights you have over your data<\/h2>\n<!-- \/wp:heading -->\n<!-- wp:paragraph -->\n<p><strong class=\"privacy-policy-tutorial\">Suggested text: <\/strong>If you have an account on this site, or have left comments, you can request to receive an exported file of the personal data we hold about you, including any data you have provided to us. You can also request that we erase any personal data we hold about you. This does not include any data we are obliged to keep for administrative, legal, or security purposes.<\/p>\n<!-- \/wp:paragraph -->\n<!-- wp:heading -->\n<h2 class=\"wp-block-heading\">Where your data is sent<\/h2>\n<!-- \/wp:heading -->\n<!-- wp:paragraph -->\n<p><strong class=\"privacy-policy-tutorial\">Suggested text: <\/strong>Visitor comments may be checked through an automated spam detection service.<\/p>\n<!-- \/wp:paragraph -->\n","_et_gb_content_width":"","footnotes":""},"class_list":["post-3","page","type-page","status-publish","hentry"],"_links":{"self":[{"href":"https:\/\/www.wine-connect-people.at\/index.php?rest_route=\/wp\/v2\/pages\/3","targetHints":{"allow":["GET"]}}],"collection":[{"href":"https:\/\/www.wine-connect-people.at\/index.php?rest_route=\/wp\/v2\/pages"}],"about":[{"href":"https:\/\/www.wine-connect-people.at\/index.php?rest_route=\/wp\/v2\/types\/page"}],"author":[{"embeddable":true,"href":"https:\/\/www.wine-connect-people.at\/index.php?rest_route=\/wp\/v2\/users\/1"}],"replies":[{"embeddable":true,"href":"https:\/\/www.wine-connect-people.at\/index.php?rest_route=%2Fwp%2Fv2%2Fcomments&post=3"}],"version-history":[{"count":7,"href":"https:\/\/www.wine-connect-people.at\/index.php?rest_route=\/wp\/v2\/pages\/3\/revisions"}],"predecessor-version":[{"id":136,"href":"https:\/\/www.wine-connect-people.at\/index.php?rest_route=\/wp\/v2\/pages\/3\/revisions\/136"}],"wp:attachment":[{"href":"https:\/\/www.wine-connect-people.at\/index.php?rest_route=%2Fwp%2Fv2%2Fmedia&parent=3"}],"curies":[{"name":"wp","href":"https:\/\/api.w.org\/{rel}","templated":true}]}}