{"id":77,"date":"2025-10-17T19:29:54","date_gmt":"2025-10-17T19:29:54","guid":{"rendered":"https:\/\/wine-connect-people.at\/?page_id=77"},"modified":"2025-10-17T19:30:14","modified_gmt":"2025-10-17T19:30:14","slug":"balsamico","status":"publish","type":"page","link":"https:\/\/www.wine-connect-people.at\/?page_id=77","title":{"rendered":"Balsamico"},"content":{"rendered":"<p>[et_pb_section fb_built=&#8220;1&#8243; custom_padding_last_edited=&#8220;off|tablet&#8220; admin_label=&#8220;Taste Our Wine&#8220; _builder_version=&#8220;4.16&#8243; use_background_color_gradient=&#8220;on&#8220; background_color_gradient_direction=&#8220;90deg&#8220; background_color_gradient_stops=&#8220;#f9f5f1 60%|#e8e2d7 60%&#8220; background_color_gradient_start=&#8220;#f9f5f1&#8243; background_color_gradient_start_position=&#8220;60%&#8220; background_color_gradient_end=&#8220;#e8e2d7&#8243; background_color_gradient_end_position=&#8220;0%&#8220; custom_padding=&#8220;0px||0px||true|false&#8220; custom_padding_tablet=&#8220;||30px||false|false&#8220; custom_padding_phone=&#8220;||0px||false|false&#8220; background_last_edited=&#8220;on|phone&#8220; background_color_gradient_stops_tablet=&#8220;#f9f5f1 20%|#e8e2d7 20%&#8220; background_color_gradient_stops_phone=&#8220;#f9f5f1 25%|#e8e2d7 25%&#8220; background_color_gradient_start_position_tablet=&#8220;20%&#8220; background_color_gradient_start_position_phone=&#8220;25%&#8220; background_color_gradient_end_position_tablet=&#8220;20%&#8220; background_color_gradient_end_position_phone=&#8220;25%&#8220; locked=&#8220;off&#8220; global_colors_info=&#8220;{}&#8220; theme_builder_area=&#8220;post_content&#8220;][et_pb_row column_structure=&#8220;1_2,1_4,1_4&#8243; _builder_version=&#8220;4.16&#8243; global_colors_info=&#8220;{}&#8220; theme_builder_area=&#8220;post_content&#8220;][et_pb_column type=&#8220;1_2&#8243; _builder_version=&#8220;4.16&#8243; custom_padding=&#8220;100px||||false|false&#8220; custom_padding_tablet=&#8220;0px||40px||false|false&#8220; custom_padding_phone=&#8220;&#8220; custom_padding_last_edited=&#8220;on|phone&#8220; global_colors_info=&#8220;{}&#8220; theme_builder_area=&#8220;post_content&#8220;][et_pb_text _builder_version=&#8220;4.27.4&#8243; text_font=&#8220;Lora||||||||&#8220; text_line_height=&#8220;2em&#8220; header_text_color=&#8220;#722f37&#8243; header_font_size=&#8220;70px&#8220; header_line_height=&#8220;1.2em&#8220; max_width_last_edited=&#8220;off|phone&#8220; hover_enabled=&#8220;0&#8243; header_font_size_tablet=&#8220;60px&#8220; header_font_size_phone=&#8220;40px&#8220; header_font_size_last_edited=&#8220;on|phone&#8220; header_line_height_tablet=&#8220;1.4em&#8220; header_line_height_phone=&#8220;&#8220; header_line_height_last_edited=&#8220;on|phone&#8220; locked=&#8220;off&#8220; global_colors_info=&#8220;{}&#8220; max_width__hover_enabled=&#8220;off|desktop&#8220; theme_builder_area=&#8220;post_content&#8220; sticky_enabled=&#8220;0&#8243;]<\/p>\n<h1>Balsamico<\/h1>\n<p>[\/et_pb_text][\/et_pb_column][et_pb_column type=&#8220;1_4&#8243; _builder_version=&#8220;4.16&#8243; background_color=&#8220;#280400&#8243; z_index=&#8220;10&#8243; custom_padding=&#8220;230px|30px|80px|30px|false|true&#8220; custom_padding_tablet=&#8220;60px||60px||true|true&#8220; custom_padding_phone=&#8220;40px|20px|40px|20px|true|true&#8220; custom_padding_last_edited=&#8220;on|phone&#8220; global_colors_info=&#8220;{}&#8220; theme_builder_area=&#8220;post_content&#8220;][et_pb_text _builder_version=&#8220;4.27.4&#8243; text_font=&#8220;Lora||||||||&#8220; text_line_height=&#8220;2em&#8220; header_2_font_size=&#8220;30px&#8220; header_2_line_height=&#8220;1.2em&#8220; background_layout=&#8220;dark&#8220; custom_margin=&#8220;||||false|false&#8220; header_2_font_size_last_edited=&#8220;off|phone&#8220; header_2_line_height_tablet=&#8220;1.4em&#8220; header_2_line_height_phone=&#8220;&#8220; header_2_line_height_last_edited=&#8220;on|phone&#8220; locked=&#8220;off&#8220; global_colors_info=&#8220;{}&#8220; theme_builder_area=&#8220;post_content&#8220;]<\/p>\n<h2>Wine connect people<\/h2>\n<p>[\/et_pb_text][\/et_pb_column][et_pb_column type=&#8220;1_4&#8243; _builder_version=&#8220;4.16&#8243; global_colors_info=&#8220;{}&#8220; theme_builder_area=&#8220;post_content&#8220;][et_pb_image src=&#8220;https:\/\/wine-connect-people.at\/wp-content\/uploads\/2025\/10\/winery-41.png&#8220; _builder_version=&#8220;4.16&#8243; custom_margin=&#8220;|||-100%|false|false&#8220; custom_margin_tablet=&#8220;&#8220; custom_margin_phone=&#8220;|||0%|false|false&#8220; custom_margin_last_edited=&#8220;on|phone&#8220; global_colors_info=&#8220;{}&#8220; theme_builder_area=&#8220;post_content&#8220;][\/et_pb_image][\/et_pb_column][\/et_pb_row][\/et_pb_section][et_pb_section fb_built=&#8220;1&#8243; admin_label=&#8220;Club Packs&#8220; _builder_version=&#8220;4.16&#8243; background_color=&#8220;#f9f5f1&#8243; background_enable_image=&#8220;off&#8220; background_size=&#8220;initial&#8220; locked=&#8220;off&#8220; global_colors_info=&#8220;{}&#8220; theme_builder_area=&#8220;post_content&#8220;][et_pb_row column_structure=&#8220;1_4,1_4,1_4,1_4&#8243; _builder_version=&#8220;4.16&#8243; global_colors_info=&#8220;{}&#8220; theme_builder_area=&#8220;post_content&#8220;][et_pb_column type=&#8220;1_4&#8243; _builder_version=&#8220;4.16&#8243; global_colors_info=&#8220;{}&#8220; theme_builder_area=&#8220;post_content&#8220;][et_pb_image src=&#8220;https:\/\/wine-connect-people.at\/wp-content\/uploads\/2025\/10\/1-Apfel-Balsam1-80&#215;300-1.png&#8220; title_text=&#8220;1-Apfel-Balsam1-80&#215;300&#8243; _builder_version=&#8220;4.27.4&#8243; hover_enabled=&#8220;0&#8243; global_colors_info=&#8220;{}&#8220; theme_builder_area=&#8220;post_content&#8220; sticky_enabled=&#8220;0&#8243;][\/et_pb_image][\/et_pb_column][et_pb_column type=&#8220;1_4&#8243; _builder_version=&#8220;4.16&#8243; custom_padding=&#8220;40px||||false|false&#8220; custom_padding_tablet=&#8220;80px||||false|false&#8220; custom_padding_phone=&#8220;0px||||false|false&#8220; custom_padding_last_edited=&#8220;on|desktop&#8220; global_colors_info=&#8220;{}&#8220; theme_builder_area=&#8220;post_content&#8220;][et_pb_text _builder_version=&#8220;4.27.4&#8243; text_font=&#8220;Lora||||||||&#8220; text_font_size=&#8220;15px&#8220; header_4_text_color=&#8220;#280400&#8243; header_4_font_size=&#8220;22px&#8220; header_4_line_height=&#8220;1.6em&#8220; hover_enabled=&#8220;0&#8243; header_4_font_size_tablet=&#8220;20px&#8220; header_4_font_size_phone=&#8220;18px&#8220; header_4_font_size_last_edited=&#8220;on|phone&#8220; locked=&#8220;off&#8220; global_colors_info=&#8220;{}&#8220; theme_builder_area=&#8220;post_content&#8220; sticky_enabled=&#8220;0&#8243;]<\/p>\n<h4><strong>Apfel Balsamico<\/strong><\/h4>\n<p>Apfel Balsam , 4 % S\u00e4ure , 4 Jahre in Eichen-, Akazien-, Kirsch- und Maulbeerfassln gereift 0,2 l Flasche<br \/>S\u00fcdsteirischer Apfel Balsam , 4 Jahre in verschiedenen F\u00e4ssern gereift -Perfekt f\u00fcr Dressings, ger\u00e4ucherte Entenbrust, Kalbssulzerl, H\u00fchnerleber, Panna Cotta, reifer Brie. F\u00fcr Kreative, Experimentierfreudige GENUSS-Menschen ! Einzigartiger Genuss<\/p>\n<p>[\/et_pb_text][\/et_pb_column][et_pb_column type=&#8220;1_4&#8243; _builder_version=&#8220;4.16&#8243; global_colors_info=&#8220;{}&#8220; theme_builder_area=&#8220;post_content&#8220;][et_pb_image src=&#8220;https:\/\/wine-connect-people.at\/wp-content\/uploads\/2025\/10\/2-Citronen-Balsam11-80&#215;300-1.png&#8220; title_text=&#8220;2-Citronen-Balsam11-80&#215;300&#8243; _builder_version=&#8220;4.27.4&#8243; hover_enabled=&#8220;0&#8243; global_colors_info=&#8220;{}&#8220; theme_builder_area=&#8220;post_content&#8220; sticky_enabled=&#8220;0&#8243;][\/et_pb_image][\/et_pb_column][et_pb_column type=&#8220;1_4&#8243; _builder_version=&#8220;4.16&#8243; custom_padding=&#8220;40px||||false|false&#8220; custom_padding_tablet=&#8220;80px||||false|false&#8220; custom_padding_phone=&#8220;0px||||false|false&#8220; custom_padding_last_edited=&#8220;on|desktop&#8220; global_colors_info=&#8220;{}&#8220; theme_builder_area=&#8220;post_content&#8220;][et_pb_text _builder_version=&#8220;4.27.4&#8243; text_font=&#8220;Lora||||||||&#8220; text_font_size=&#8220;15px&#8220; header_4_text_color=&#8220;#280400&#8243; header_4_font_size=&#8220;22px&#8220; header_4_line_height=&#8220;1.6em&#8220; hover_enabled=&#8220;0&#8243; header_4_font_size_tablet=&#8220;20px&#8220; header_4_font_size_phone=&#8220;18px&#8220; header_4_font_size_last_edited=&#8220;on|phone&#8220; locked=&#8220;off&#8220; global_colors_info=&#8220;{}&#8220; theme_builder_area=&#8220;post_content&#8220; sticky_enabled=&#8220;0&#8243;]<\/p>\n<h4><strong>Citronen-Balsamico<\/strong><\/h4>\n<p><span>Citronen Balsam, 4 % S\u00e4ure, mild und hell aus Auslesewein mit Zirtonenschalen<\/span><br \/><span>0,2 l Flasche<\/span><br \/>S\u00fcdsteirischer Citronen Balsam. Perfekt f\u00fcr Marinaden, Spargel, Forellenfilet, Sauce Hollondaise, Meeresfr\u00fcchte, frische Erdbeeren und als Aperitif aufgespritzt mit Schaumwein ! F\u00fcr Kreative, Experimentierfreudige \u2013 GENUSS-Menschen !!<\/p>\n<p>[\/et_pb_text][\/et_pb_column][\/et_pb_row][et_pb_row column_structure=&#8220;1_4,1_4,1_4,1_4&#8243; _builder_version=&#8220;4.16&#8243; global_colors_info=&#8220;{}&#8220; theme_builder_area=&#8220;post_content&#8220;][et_pb_column type=&#8220;1_4&#8243; _builder_version=&#8220;4.16&#8243; global_colors_info=&#8220;{}&#8220; theme_builder_area=&#8220;post_content&#8220;][et_pb_image src=&#8220;https:\/\/wine-connect-people.at\/wp-content\/uploads\/2025\/10\/3-Hollerblueten-Balsam1-80&#215;300-1.png&#8220; title_text=&#8220;3-Hollerbl\u00fcten-Balsam1-80&#215;300&#8243; _builder_version=&#8220;4.27.4&#8243; hover_enabled=&#8220;0&#8243; global_colors_info=&#8220;{}&#8220; theme_builder_area=&#8220;post_content&#8220; sticky_enabled=&#8220;0&#8243;][\/et_pb_image][\/et_pb_column][et_pb_column type=&#8220;1_4&#8243; _builder_version=&#8220;4.16&#8243; custom_padding=&#8220;40px||||false|false&#8220; custom_padding_tablet=&#8220;80px||||false|false&#8220; custom_padding_phone=&#8220;0px||||false|false&#8220; custom_padding_last_edited=&#8220;on|desktop&#8220; global_colors_info=&#8220;{}&#8220; theme_builder_area=&#8220;post_content&#8220;][et_pb_text _builder_version=&#8220;4.27.4&#8243; text_font=&#8220;Lora||||||||&#8220; text_font_size=&#8220;15px&#8220; header_4_text_color=&#8220;#280400&#8243; header_4_font_size=&#8220;22px&#8220; header_4_line_height=&#8220;1.6em&#8220; hover_enabled=&#8220;0&#8243; header_4_font_size_tablet=&#8220;20px&#8220; header_4_font_size_phone=&#8220;18px&#8220; header_4_font_size_last_edited=&#8220;on|phone&#8220; locked=&#8220;off&#8220; global_colors_info=&#8220;{}&#8220; theme_builder_area=&#8220;post_content&#8220; sticky_enabled=&#8220;0&#8243;]<\/p>\n<h4><strong>Hollerbl\u00fcten-Balsamico<\/strong><\/h4>\n<p><span>Hollerbl\u00fcten Balsamico, 4 % S\u00e4ure, mild und hell aus Auslese Weinen und Hollerbl\u00fcten<\/span><br \/><span>0,2 l Flasche<\/span><br \/>S\u00fcdsteirischer Hollerbl\u00fcten Balsam. Perfekt f\u00fcr Marinaden, Gem\u00fcse vom Grill, Fenchel-Carpaccio, K\u00fcrbissuppe, Obstsalat, als Sommergetr\u00e4nk aufgespritzt mit Frizzante ! F\u00fcr Kreative , Experimentierfreudige \u2013 GENUSS-Menschen<\/p>\n<p>[\/et_pb_text][\/et_pb_column][et_pb_column type=&#8220;1_4&#8243; _builder_version=&#8220;4.16&#8243; global_colors_info=&#8220;{}&#8220; theme_builder_area=&#8220;post_content&#8220;][et_pb_image src=&#8220;https:\/\/wine-connect-people.at\/wp-content\/uploads\/2025\/10\/4-Kirsch-Balsam1-80&#215;300-1.png&#8220; title_text=&#8220;4-Kirsch-Balsam1-80&#215;300&#8243; _builder_version=&#8220;4.27.4&#8243; hover_enabled=&#8220;0&#8243; global_colors_info=&#8220;{}&#8220; theme_builder_area=&#8220;post_content&#8220; sticky_enabled=&#8220;0&#8243;][\/et_pb_image][\/et_pb_column][et_pb_column type=&#8220;1_4&#8243; _builder_version=&#8220;4.16&#8243; custom_padding=&#8220;40px||||false|false&#8220; custom_padding_tablet=&#8220;80px||||false|false&#8220; custom_padding_phone=&#8220;0px||||false|false&#8220; custom_padding_last_edited=&#8220;on|desktop&#8220; global_colors_info=&#8220;{}&#8220; theme_builder_area=&#8220;post_content&#8220;][et_pb_text _builder_version=&#8220;4.27.4&#8243; text_font=&#8220;Lora||||||||&#8220; text_font_size=&#8220;15px&#8220; header_4_text_color=&#8220;#280400&#8243; header_4_font_size=&#8220;22px&#8220; header_4_line_height=&#8220;1.6em&#8220; hover_enabled=&#8220;0&#8243; header_4_font_size_tablet=&#8220;20px&#8220; header_4_font_size_phone=&#8220;18px&#8220; header_4_font_size_last_edited=&#8220;on|phone&#8220; locked=&#8220;off&#8220; global_colors_info=&#8220;{}&#8220; theme_builder_area=&#8220;post_content&#8220; sticky_enabled=&#8220;0&#8243;]<\/p>\n<h4><strong>Kirsch-Balsamico<\/strong><\/h4>\n<p><span>Kirsch Balsam , 4 % S\u00e4ure, 4 Jahre in Eichen-, Akazien-, Kirsch \u2013 und Maulbeerfassln gereift<\/span><br \/><span>0,2 l Flasche<\/span><br \/>S\u00fcdsteirischer Kirsch Balsam \u2013 4 Jahre in verschiedenen F\u00e4ssern gereift \u2013 Extraklasse. Perfekt f\u00fcr Marinaden, ger\u00f6stete Kalbsleber, K\u00e4sefondue, Rehr\u00fccken, Obstsalat, Vanilleeis, Mascarponecreme. F\u00fcr Kreative, Experimentierfreudige \u2013 GENUSS-Menschen !!!<\/p>\n<p>[\/et_pb_text][\/et_pb_column][\/et_pb_row][et_pb_row column_structure=&#8220;1_4,1_4,1_4,1_4&#8243; _builder_version=&#8220;4.16&#8243; global_colors_info=&#8220;{}&#8220; theme_builder_area=&#8220;post_content&#8220;][et_pb_column type=&#8220;1_4&#8243; _builder_version=&#8220;4.16&#8243; global_colors_info=&#8220;{}&#8220; theme_builder_area=&#8220;post_content&#8220;][et_pb_image src=&#8220;https:\/\/wine-connect-people.at\/wp-content\/uploads\/2025\/10\/5-Trauben-Balsam1-80&#215;300-1.png&#8220; title_text=&#8220;5-Trauben-Balsam1-80&#215;300&#8243; _builder_version=&#8220;4.27.4&#8243; hover_enabled=&#8220;0&#8243; global_colors_info=&#8220;{}&#8220; theme_builder_area=&#8220;post_content&#8220; sticky_enabled=&#8220;0&#8243;][\/et_pb_image][\/et_pb_column][et_pb_column type=&#8220;1_4&#8243; _builder_version=&#8220;4.16&#8243; custom_padding=&#8220;40px||||false|false&#8220; custom_padding_tablet=&#8220;80px||||false|false&#8220; custom_padding_phone=&#8220;0px||||false|false&#8220; custom_padding_last_edited=&#8220;on|desktop&#8220; global_colors_info=&#8220;{}&#8220; theme_builder_area=&#8220;post_content&#8220;][et_pb_text _builder_version=&#8220;4.27.4&#8243; text_font=&#8220;Lora||||||||&#8220; text_font_size=&#8220;15px&#8220; header_4_text_color=&#8220;#280400&#8243; header_4_font_size=&#8220;22px&#8220; header_4_line_height=&#8220;1.6em&#8220; hover_enabled=&#8220;0&#8243; header_4_font_size_tablet=&#8220;20px&#8220; header_4_font_size_phone=&#8220;18px&#8220; header_4_font_size_last_edited=&#8220;on|phone&#8220; locked=&#8220;off&#8220; global_colors_info=&#8220;{}&#8220; theme_builder_area=&#8220;post_content&#8220; sticky_enabled=&#8220;0&#8243;]<\/p>\n<h4><strong>Trauben-Balsamico<br \/><\/strong><\/h4>\n<p><span>Trauben Balsam , 4 % S\u00e4ure, 4 Jahre in eichen-, Akazien-, Kirsch- und Maulbeerfassln gereift<\/span><br \/><span>0,2 l Flasche<br \/>S\u00fcdsteirischer Trauben Balsam , 4 Jahre in verschiedenen F\u00e4ssern gereift \u2013 sehr dicht !Perfekt f\u00fcr Marinaden, Steinpilz-Carpaccio, Kalbssteak, Kartoffelgratin, heisse Himbeeren, Bergk\u00e4se ! Ist was Einzigartiges. F\u00fcr Kreative , Experimentierfreudige \u2013 GENUSS-Menschen !!<\/span><\/p>\n<p>[\/et_pb_text][\/et_pb_column][et_pb_column type=&#8220;1_4&#8243; _builder_version=&#8220;4.16&#8243; global_colors_info=&#8220;{}&#8220; theme_builder_area=&#8220;post_content&#8220;][\/et_pb_column][et_pb_column type=&#8220;1_4&#8243; _builder_version=&#8220;4.16&#8243; custom_padding=&#8220;40px||||false|false&#8220; custom_padding_tablet=&#8220;80px||||false|false&#8220; custom_padding_phone=&#8220;0px||||false|false&#8220; custom_padding_last_edited=&#8220;on|desktop&#8220; global_colors_info=&#8220;{}&#8220; theme_builder_area=&#8220;post_content&#8220;][\/et_pb_column][\/et_pb_row][\/et_pb_section]<\/p>\n","protected":false},"excerpt":{"rendered":"<p>BalsamicoWine connect peopleApfel Balsamico Apfel Balsam , 4 % S\u00e4ure , 4 Jahre in Eichen-, Akazien-, Kirsch- und Maulbeerfassln gereift 0,2 l FlascheS\u00fcdsteirischer Apfel Balsam , 4 Jahre in verschiedenen F\u00e4ssern gereift -Perfekt f\u00fcr Dressings, ger\u00e4ucherte Entenbrust, Kalbssulzerl, H\u00fchnerleber, Panna Cotta, reifer Brie. F\u00fcr Kreative, Experimentierfreudige GENUSS-Menschen ! Einzigartiger GenussCitronen-Balsamico Citronen Balsam, 4 % S\u00e4ure, [&hellip;]<\/p>\n","protected":false},"author":1,"featured_media":0,"parent":0,"menu_order":0,"comment_status":"closed","ping_status":"closed","template":"","meta":{"_et_pb_use_builder":"on","_et_pb_old_content":"","_et_gb_content_width":"","footnotes":""},"class_list":["post-77","page","type-page","status-publish","hentry"],"_links":{"self":[{"href":"https:\/\/www.wine-connect-people.at\/index.php?rest_route=\/wp\/v2\/pages\/77","targetHints":{"allow":["GET"]}}],"collection":[{"href":"https:\/\/www.wine-connect-people.at\/index.php?rest_route=\/wp\/v2\/pages"}],"about":[{"href":"https:\/\/www.wine-connect-people.at\/index.php?rest_route=\/wp\/v2\/types\/page"}],"author":[{"embeddable":true,"href":"https:\/\/www.wine-connect-people.at\/index.php?rest_route=\/wp\/v2\/users\/1"}],"replies":[{"embeddable":true,"href":"https:\/\/www.wine-connect-people.at\/index.php?rest_route=%2Fwp%2Fv2%2Fcomments&post=77"}],"version-history":[{"count":3,"href":"https:\/\/www.wine-connect-people.at\/index.php?rest_route=\/wp\/v2\/pages\/77\/revisions"}],"predecessor-version":[{"id":85,"href":"https:\/\/www.wine-connect-people.at\/index.php?rest_route=\/wp\/v2\/pages\/77\/revisions\/85"}],"wp:attachment":[{"href":"https:\/\/www.wine-connect-people.at\/index.php?rest_route=%2Fwp%2Fv2%2Fmedia&parent=77"}],"curies":[{"name":"wp","href":"https:\/\/api.w.org\/{rel}","templated":true}]}}