{"id":86,"date":"2025-10-17T19:34:30","date_gmt":"2025-10-17T19:34:30","guid":{"rendered":"https:\/\/wine-connect-people.at\/?page_id=86"},"modified":"2025-10-17T19:34:59","modified_gmt":"2025-10-17T19:34:59","slug":"chutney","status":"publish","type":"page","link":"https:\/\/www.wine-connect-people.at\/?page_id=86","title":{"rendered":"Chutney"},"content":{"rendered":"<p>[et_pb_section fb_built=&#8220;1&#8243; custom_padding_last_edited=&#8220;off|tablet&#8220; admin_label=&#8220;Taste Our Wine&#8220; _builder_version=&#8220;4.16&#8243; use_background_color_gradient=&#8220;on&#8220; background_color_gradient_direction=&#8220;90deg&#8220; background_color_gradient_stops=&#8220;#f9f5f1 60%|#e8e2d7 60%&#8220; background_color_gradient_start=&#8220;#f9f5f1&#8243; background_color_gradient_start_position=&#8220;60%&#8220; background_color_gradient_end=&#8220;#e8e2d7&#8243; background_color_gradient_end_position=&#8220;0%&#8220; custom_padding=&#8220;0px||0px||true|false&#8220; custom_padding_tablet=&#8220;||30px||false|false&#8220; custom_padding_phone=&#8220;||0px||false|false&#8220; background_last_edited=&#8220;on|phone&#8220; background_color_gradient_stops_tablet=&#8220;#f9f5f1 20%|#e8e2d7 20%&#8220; background_color_gradient_stops_phone=&#8220;#f9f5f1 25%|#e8e2d7 25%&#8220; background_color_gradient_start_position_tablet=&#8220;20%&#8220; background_color_gradient_start_position_phone=&#8220;25%&#8220; background_color_gradient_end_position_tablet=&#8220;20%&#8220; background_color_gradient_end_position_phone=&#8220;25%&#8220; locked=&#8220;off&#8220; global_colors_info=&#8220;{}&#8220; theme_builder_area=&#8220;post_content&#8220;][et_pb_row column_structure=&#8220;1_2,1_4,1_4&#8243; _builder_version=&#8220;4.16&#8243; global_colors_info=&#8220;{}&#8220; theme_builder_area=&#8220;post_content&#8220;][et_pb_column type=&#8220;1_2&#8243; _builder_version=&#8220;4.16&#8243; custom_padding=&#8220;100px||||false|false&#8220; custom_padding_tablet=&#8220;0px||40px||false|false&#8220; custom_padding_phone=&#8220;&#8220; custom_padding_last_edited=&#8220;on|phone&#8220; global_colors_info=&#8220;{}&#8220; theme_builder_area=&#8220;post_content&#8220;][et_pb_text _builder_version=&#8220;4.27.4&#8243; text_font=&#8220;Lora||||||||&#8220; text_line_height=&#8220;2em&#8220; header_text_color=&#8220;#722f37&#8243; header_font_size=&#8220;70px&#8220; header_line_height=&#8220;1.2em&#8220; max_width_last_edited=&#8220;off|phone&#8220; hover_enabled=&#8220;0&#8243; header_font_size_tablet=&#8220;60px&#8220; header_font_size_phone=&#8220;40px&#8220; header_font_size_last_edited=&#8220;on|phone&#8220; header_line_height_tablet=&#8220;1.4em&#8220; header_line_height_phone=&#8220;&#8220; header_line_height_last_edited=&#8220;on|phone&#8220; locked=&#8220;off&#8220; global_colors_info=&#8220;{}&#8220; max_width__hover_enabled=&#8220;off|desktop&#8220; theme_builder_area=&#8220;post_content&#8220; sticky_enabled=&#8220;0&#8243;]<\/p>\n<h1>Chutney<\/h1>\n<p>[\/et_pb_text][\/et_pb_column][et_pb_column type=&#8220;1_4&#8243; _builder_version=&#8220;4.16&#8243; background_color=&#8220;#280400&#8243; z_index=&#8220;10&#8243; custom_padding=&#8220;230px|30px|80px|30px|false|true&#8220; custom_padding_tablet=&#8220;60px||60px||true|true&#8220; custom_padding_phone=&#8220;40px|20px|40px|20px|true|true&#8220; custom_padding_last_edited=&#8220;on|phone&#8220; global_colors_info=&#8220;{}&#8220; theme_builder_area=&#8220;post_content&#8220;][et_pb_text _builder_version=&#8220;4.27.4&#8243; text_font=&#8220;Lora||||||||&#8220; text_line_height=&#8220;2em&#8220; header_2_font_size=&#8220;30px&#8220; header_2_line_height=&#8220;1.2em&#8220; background_layout=&#8220;dark&#8220; custom_margin=&#8220;||||false|false&#8220; header_2_font_size_last_edited=&#8220;off|phone&#8220; header_2_line_height_tablet=&#8220;1.4em&#8220; header_2_line_height_phone=&#8220;&#8220; header_2_line_height_last_edited=&#8220;on|phone&#8220; locked=&#8220;off&#8220; global_colors_info=&#8220;{}&#8220; theme_builder_area=&#8220;post_content&#8220;]<\/p>\n<h2>Wine connect people<\/h2>\n<p>[\/et_pb_text][\/et_pb_column][et_pb_column type=&#8220;1_4&#8243; _builder_version=&#8220;4.16&#8243; global_colors_info=&#8220;{}&#8220; theme_builder_area=&#8220;post_content&#8220;][et_pb_image src=&#8220;https:\/\/wine-connect-people.at\/wp-content\/uploads\/2025\/10\/winery-41.png&#8220; _builder_version=&#8220;4.27.4&#8243; custom_margin=&#8220;|||-100%|false|false&#8220; custom_margin_tablet=&#8220;&#8220; custom_margin_phone=&#8220;|||0%|false|false&#8220; custom_margin_last_edited=&#8220;on|phone&#8220; hover_enabled=&#8220;0&#8243; global_colors_info=&#8220;{}&#8220; theme_builder_area=&#8220;post_content&#8220; sticky_enabled=&#8220;0&#8243;][\/et_pb_image][\/et_pb_column][\/et_pb_row][\/et_pb_section][et_pb_section fb_built=&#8220;1&#8243; admin_label=&#8220;Club Packs&#8220; _builder_version=&#8220;4.16&#8243; background_color=&#8220;#f9f5f1&#8243; background_enable_image=&#8220;off&#8220; background_size=&#8220;initial&#8220; locked=&#8220;off&#8220; global_colors_info=&#8220;{}&#8220; theme_builder_area=&#8220;post_content&#8220;][et_pb_row column_structure=&#8220;1_4,1_4,1_4,1_4&#8243; _builder_version=&#8220;4.16&#8243; global_colors_info=&#8220;{}&#8220; theme_builder_area=&#8220;post_content&#8220;][et_pb_column type=&#8220;1_4&#8243; _builder_version=&#8220;4.16&#8243; global_colors_info=&#8220;{}&#8220; theme_builder_area=&#8220;post_content&#8220;][et_pb_image src=&#8220;https:\/\/wine-connect-people.at\/wp-content\/uploads\/2025\/10\/1-Balsamico-Senf1-210&#215;300-1.png&#8220; title_text=&#8220;1-Balsamico-Senf1-210&#215;300&#8243; _builder_version=&#8220;4.27.4&#8243; hover_enabled=&#8220;0&#8243; global_colors_info=&#8220;{}&#8220; theme_builder_area=&#8220;post_content&#8220; sticky_enabled=&#8220;0&#8243;][\/et_pb_image][\/et_pb_column][et_pb_column type=&#8220;1_4&#8243; _builder_version=&#8220;4.16&#8243; custom_padding=&#8220;40px||||false|false&#8220; custom_padding_tablet=&#8220;80px||||false|false&#8220; custom_padding_phone=&#8220;0px||||false|false&#8220; custom_padding_last_edited=&#8220;on|desktop&#8220; global_colors_info=&#8220;{}&#8220; theme_builder_area=&#8220;post_content&#8220;][et_pb_text _builder_version=&#8220;4.27.4&#8243; text_font=&#8220;Lora||||||||&#8220; text_font_size=&#8220;15px&#8220; header_4_text_color=&#8220;#280400&#8243; header_4_font_size=&#8220;22px&#8220; header_4_line_height=&#8220;1.6em&#8220; hover_enabled=&#8220;0&#8243; header_4_font_size_tablet=&#8220;20px&#8220; header_4_font_size_phone=&#8220;18px&#8220; header_4_font_size_last_edited=&#8220;on|phone&#8220; locked=&#8220;off&#8220; global_colors_info=&#8220;{}&#8220; theme_builder_area=&#8220;post_content&#8220; sticky_enabled=&#8220;0&#8243;]<\/p>\n<h4><strong>Balsamico-Senf\u00a0<\/strong><\/h4>\n<p><span>Balsamico Senf \u00a0s\u00fcss-scharf<\/span><br \/><span>116 ml Glas<\/span><br \/>S\u00fcdsteirischer Balsamico Senf, Perfekt zu Weisswurst, Leberk\u00e4s, Russenei, Lachs, Marinaden, Beef Tartare, Rotschmierk\u00e4se. Allergerne: Senfsaat<\/p>\n<p>[\/et_pb_text][\/et_pb_column][et_pb_column type=&#8220;1_4&#8243; _builder_version=&#8220;4.16&#8243; global_colors_info=&#8220;{}&#8220; theme_builder_area=&#8220;post_content&#8220;][et_pb_image src=&#8220;https:\/\/wine-connect-people.at\/wp-content\/uploads\/2025\/10\/2-Brombeer-Chutney1-210&#215;300-1.png&#8220; title_text=&#8220;2-Brombeer-Chutney1-210&#215;300&#8243; _builder_version=&#8220;4.27.4&#8243; hover_enabled=&#8220;0&#8243; global_colors_info=&#8220;{}&#8220; theme_builder_area=&#8220;post_content&#8220; sticky_enabled=&#8220;0&#8243;][\/et_pb_image][\/et_pb_column][et_pb_column type=&#8220;1_4&#8243; _builder_version=&#8220;4.16&#8243; custom_padding=&#8220;40px||||false|false&#8220; custom_padding_tablet=&#8220;80px||||false|false&#8220; custom_padding_phone=&#8220;0px||||false|false&#8220; custom_padding_last_edited=&#8220;on|desktop&#8220; global_colors_info=&#8220;{}&#8220; theme_builder_area=&#8220;post_content&#8220;][et_pb_text _builder_version=&#8220;4.27.4&#8243; text_font=&#8220;Lora||||||||&#8220; text_font_size=&#8220;15px&#8220; header_4_text_color=&#8220;#280400&#8243; header_4_font_size=&#8220;22px&#8220; header_4_line_height=&#8220;1.6em&#8220; hover_enabled=&#8220;0&#8243; header_4_font_size_tablet=&#8220;20px&#8220; header_4_font_size_phone=&#8220;18px&#8220; header_4_font_size_last_edited=&#8220;on|phone&#8220; locked=&#8220;off&#8220; global_colors_info=&#8220;{}&#8220; theme_builder_area=&#8220;post_content&#8220; sticky_enabled=&#8220;0&#8243;]<\/p>\n<h4><strong>Brombeer Chutney\u00a0<\/strong><\/h4>\n<p><span>Brombeer Chutney mit ein wenig Chilli und Curry<\/span><br \/><span>190 ml Glas<\/span><br \/>S\u00fcdsteirischer Brombeer Chutney, perfekt zu gegrillten und gebratenem Fleisch, Rehr\u00fccken, Wildgerichte, gebackenen Champignons, Cordon Bleu und Camenbert. F\u00fcr Kreative, Experimentierfreudige \u2013 GENUSS-Menschen !!<\/p>\n<p>[\/et_pb_text][\/et_pb_column][\/et_pb_row][et_pb_row column_structure=&#8220;1_4,1_4,1_4,1_4&#8243; _builder_version=&#8220;4.16&#8243; global_colors_info=&#8220;{}&#8220; theme_builder_area=&#8220;post_content&#8220;][et_pb_column type=&#8220;1_4&#8243; _builder_version=&#8220;4.16&#8243; global_colors_info=&#8220;{}&#8220; theme_builder_area=&#8220;post_content&#8220;][et_pb_image src=&#8220;https:\/\/wine-connect-people.at\/wp-content\/uploads\/2025\/10\/3-Kirsch-Chutney1-240&#215;300-1.png&#8220; title_text=&#8220;3-Kirsch-Chutney1-240&#215;300&#8243; _builder_version=&#8220;4.27.4&#8243; hover_enabled=&#8220;0&#8243; global_colors_info=&#8220;{}&#8220; theme_builder_area=&#8220;post_content&#8220; sticky_enabled=&#8220;0&#8243;][\/et_pb_image][\/et_pb_column][et_pb_column type=&#8220;1_4&#8243; _builder_version=&#8220;4.16&#8243; custom_padding=&#8220;40px||||false|false&#8220; custom_padding_tablet=&#8220;80px||||false|false&#8220; custom_padding_phone=&#8220;0px||||false|false&#8220; custom_padding_last_edited=&#8220;on|desktop&#8220; global_colors_info=&#8220;{}&#8220; theme_builder_area=&#8220;post_content&#8220;][et_pb_text _builder_version=&#8220;4.27.4&#8243; text_font=&#8220;Lora||||||||&#8220; text_font_size=&#8220;15px&#8220; header_4_text_color=&#8220;#280400&#8243; header_4_font_size=&#8220;22px&#8220; header_4_line_height=&#8220;1.6em&#8220; hover_enabled=&#8220;0&#8243; header_4_font_size_tablet=&#8220;20px&#8220; header_4_font_size_phone=&#8220;18px&#8220; header_4_font_size_last_edited=&#8220;on|phone&#8220; locked=&#8220;off&#8220; global_colors_info=&#8220;{}&#8220; theme_builder_area=&#8220;post_content&#8220; sticky_enabled=&#8220;0&#8243;]<\/p>\n<h4><strong>Kirsch Cacao Chutney<\/strong><\/h4>\n<p><span>Kirsch Cacao Chutney mit ein wenig Chilli und Curry<\/span><br \/><span>190 ml Glas<\/span><br \/>S\u00fcdsteirisches Kirsch Cacao Chutney \u2013 perfekt f\u00fcr Buttersemmel, Roastbeef, G\u00e4nseleber, Hasenr\u00fccken, Blauschimmelk\u00e4se, Kaiserschmarrn. F\u00fcr Kreative, Experimentierfreudige \u2013 GENUSS-Menschen !!!!!<\/p>\n<p>[\/et_pb_text][\/et_pb_column][et_pb_column type=&#8220;1_4&#8243; _builder_version=&#8220;4.16&#8243; global_colors_info=&#8220;{}&#8220; theme_builder_area=&#8220;post_content&#8220;][et_pb_image src=&#8220;https:\/\/wine-connect-people.at\/wp-content\/uploads\/2025\/10\/4-Kuerbis-Chutney1-210&#215;300-1.png&#8220; title_text=&#8220;4-K\u00fcrbis-Chutney1-210&#215;300&#8243; _builder_version=&#8220;4.27.4&#8243; hover_enabled=&#8220;0&#8243; global_colors_info=&#8220;{}&#8220; theme_builder_area=&#8220;post_content&#8220; sticky_enabled=&#8220;0&#8243;][\/et_pb_image][\/et_pb_column][et_pb_column type=&#8220;1_4&#8243; _builder_version=&#8220;4.16&#8243; custom_padding=&#8220;40px||||false|false&#8220; custom_padding_tablet=&#8220;80px||||false|false&#8220; custom_padding_phone=&#8220;0px||||false|false&#8220; custom_padding_last_edited=&#8220;on|desktop&#8220; global_colors_info=&#8220;{}&#8220; theme_builder_area=&#8220;post_content&#8220;][et_pb_text _builder_version=&#8220;4.27.4&#8243; text_font=&#8220;Lora||||||||&#8220; text_font_size=&#8220;15px&#8220; header_4_text_color=&#8220;#280400&#8243; header_4_font_size=&#8220;22px&#8220; header_4_line_height=&#8220;1.6em&#8220; hover_enabled=&#8220;0&#8243; header_4_font_size_tablet=&#8220;20px&#8220; header_4_font_size_phone=&#8220;18px&#8220; header_4_font_size_last_edited=&#8220;on|phone&#8220; locked=&#8220;off&#8220; global_colors_info=&#8220;{}&#8220; theme_builder_area=&#8220;post_content&#8220; sticky_enabled=&#8220;0&#8243;]<\/p>\n<h4><strong>K\u00fcrbis\/Ingwer Chutney<\/strong><\/h4>\n<p><span>K\u00fcrbis\/Ingwer Chutney mit ein wenig Chilli und Curry<\/span><br \/><span>190 ml Glas<\/span><br \/>S\u00fcdsteirisches K\u00fcrbis Ingwer Chutney , perfekt f\u00fcr Aufstriche, Wiener Schnitzel, Sauerkraut, Asia-Gerichte,Hartk\u00e4se, Gugelhupf und Fleisch. F\u00fcr Kreative , Experimentierfreudige \u2013 GENUSS-Menschen !!!<\/p>\n<p>[\/et_pb_text][\/et_pb_column][\/et_pb_row][et_pb_row column_structure=&#8220;1_4,1_4,1_4,1_4&#8243; _builder_version=&#8220;4.16&#8243; global_colors_info=&#8220;{}&#8220; theme_builder_area=&#8220;post_content&#8220;][et_pb_column type=&#8220;1_4&#8243; _builder_version=&#8220;4.16&#8243; global_colors_info=&#8220;{}&#8220; theme_builder_area=&#8220;post_content&#8220;][et_pb_image src=&#8220;https:\/\/wine-connect-people.at\/wp-content\/uploads\/2025\/10\/5-Pfirsich-Chutney1-240&#215;300-1.png&#8220; title_text=&#8220;5-Pfirsich-Chutney1-240&#215;300&#8243; _builder_version=&#8220;4.27.4&#8243; hover_enabled=&#8220;0&#8243; global_colors_info=&#8220;{}&#8220; theme_builder_area=&#8220;post_content&#8220; sticky_enabled=&#8220;0&#8243;][\/et_pb_image][\/et_pb_column][et_pb_column type=&#8220;1_4&#8243; _builder_version=&#8220;4.16&#8243; custom_padding=&#8220;40px||||false|false&#8220; custom_padding_tablet=&#8220;80px||||false|false&#8220; custom_padding_phone=&#8220;0px||||false|false&#8220; custom_padding_last_edited=&#8220;on|desktop&#8220; global_colors_info=&#8220;{}&#8220; theme_builder_area=&#8220;post_content&#8220;][et_pb_text _builder_version=&#8220;4.27.4&#8243; text_font=&#8220;Lora||||||||&#8220; text_font_size=&#8220;15px&#8220; header_4_text_color=&#8220;#280400&#8243; header_4_font_size=&#8220;22px&#8220; header_4_line_height=&#8220;1.6em&#8220; hover_enabled=&#8220;0&#8243; header_4_font_size_tablet=&#8220;20px&#8220; header_4_font_size_phone=&#8220;18px&#8220; header_4_font_size_last_edited=&#8220;on|phone&#8220; locked=&#8220;off&#8220; global_colors_info=&#8220;{}&#8220; theme_builder_area=&#8220;post_content&#8220; sticky_enabled=&#8220;0&#8243;]<\/p>\n<h4><strong>Pfirsich Sambal Chutney<br \/><\/strong><\/h4>\n<p><span>Pfirsich Sambal Chutney mit ein wenig Chilli und Curry<\/span><br \/><span>190 ml Glas<\/span><br \/>S\u00fcdsteirisches Pfirsich Sambal Chutney \u2013 perfekt zu gegrilltem und gebratenem Fleisch, Wok-Gerichten, Reistafel, Grillhendl, gebackenen Camenbert und Vanilleeis. F\u00fcr Kreative, Experimentierfreudige \u2013 GENUSS-Menschen !!!!!!!<\/p>\n<p>[\/et_pb_text][\/et_pb_column][et_pb_column type=&#8220;1_4&#8243; _builder_version=&#8220;4.16&#8243; global_colors_info=&#8220;{}&#8220; theme_builder_area=&#8220;post_content&#8220;][et_pb_image src=&#8220;https:\/\/wine-connect-people.at\/wp-content\/uploads\/2025\/10\/6-Quitten-Chutney1-240&#215;300-1.png&#8220; title_text=&#8220;6-Quitten-Chutney1-240&#215;300&#8243; _builder_version=&#8220;4.27.4&#8243; hover_enabled=&#8220;0&#8243; global_colors_info=&#8220;{}&#8220; theme_builder_area=&#8220;post_content&#8220; sticky_enabled=&#8220;0&#8243;][\/et_pb_image][\/et_pb_column][et_pb_column type=&#8220;1_4&#8243; _builder_version=&#8220;4.16&#8243; custom_padding=&#8220;40px||||false|false&#8220; custom_padding_tablet=&#8220;80px||||false|false&#8220; custom_padding_phone=&#8220;0px||||false|false&#8220; custom_padding_last_edited=&#8220;on|desktop&#8220; global_colors_info=&#8220;{}&#8220; theme_builder_area=&#8220;post_content&#8220;][et_pb_text _builder_version=&#8220;4.27.4&#8243; text_font=&#8220;Lora||||||||&#8220; text_font_size=&#8220;15px&#8220; header_4_text_color=&#8220;#280400&#8243; header_4_font_size=&#8220;22px&#8220; header_4_line_height=&#8220;1.6em&#8220; hover_enabled=&#8220;0&#8243; header_4_font_size_tablet=&#8220;20px&#8220; header_4_font_size_phone=&#8220;18px&#8220; header_4_font_size_last_edited=&#8220;on|phone&#8220; locked=&#8220;off&#8220; global_colors_info=&#8220;{}&#8220; theme_builder_area=&#8220;post_content&#8220; sticky_enabled=&#8220;0&#8243;]<\/p>\n<h4><strong>Quitten gr\u00fcne Feigen Chutney<\/strong><\/h4>\n<p><span>Quitten gr\u00fcne Feigen Chutney mit ein wenig Chilli und Curry<\/span><br \/><span>190 ml Glas<\/span><br \/>S\u00fcdsteirisches Quitten und gr\u00fcne Feigen Chutney \u2013 perfekt f\u00fcr Kochschinken, kaltem Schweinsbraten, Fleischfondue, altem Bergk\u00e4se, Topfennockerln \u2026\u2026\u2026.F\u00fcr Kreative, Experimentierfreudige \u2013 GENUSS-Menschen !!!<\/p>\n<p>[\/et_pb_text][\/et_pb_column][\/et_pb_row][et_pb_row column_structure=&#8220;1_4,1_4,1_4,1_4&#8243; _builder_version=&#8220;4.16&#8243; global_colors_info=&#8220;{}&#8220; theme_builder_area=&#8220;post_content&#8220;][et_pb_column type=&#8220;1_4&#8243; _builder_version=&#8220;4.16&#8243; global_colors_info=&#8220;{}&#8220; theme_builder_area=&#8220;post_content&#8220;][et_pb_image src=&#8220;https:\/\/wine-connect-people.at\/wp-content\/uploads\/2025\/10\/7-Zwetschken-Chutney1-240&#215;300-1.png&#8220; title_text=&#8220;7-Zwetschken-Chutney1-240&#215;300&#8243; _builder_version=&#8220;4.27.4&#8243; hover_enabled=&#8220;0&#8243; global_colors_info=&#8220;{}&#8220; theme_builder_area=&#8220;post_content&#8220; sticky_enabled=&#8220;0&#8243;][\/et_pb_image][\/et_pb_column][et_pb_column type=&#8220;1_4&#8243; _builder_version=&#8220;4.16&#8243; custom_padding=&#8220;40px||||false|false&#8220; custom_padding_tablet=&#8220;80px||||false|false&#8220; custom_padding_phone=&#8220;0px||||false|false&#8220; custom_padding_last_edited=&#8220;on|desktop&#8220; global_colors_info=&#8220;{}&#8220; theme_builder_area=&#8220;post_content&#8220;][et_pb_text _builder_version=&#8220;4.27.4&#8243; text_font=&#8220;Lora||||||||&#8220; text_font_size=&#8220;15px&#8220; header_4_text_color=&#8220;#280400&#8243; header_4_font_size=&#8220;22px&#8220; header_4_line_height=&#8220;1.6em&#8220; hover_enabled=&#8220;0&#8243; header_4_font_size_tablet=&#8220;20px&#8220; header_4_font_size_phone=&#8220;18px&#8220; header_4_font_size_last_edited=&#8220;on|phone&#8220; locked=&#8220;off&#8220; global_colors_info=&#8220;{}&#8220; theme_builder_area=&#8220;post_content&#8220; sticky_enabled=&#8220;0&#8243;]<\/p>\n<h4><strong>Zwetschken Chutney\u00a0<\/strong><\/h4>\n<p><span>Zwetschken Chutney mit ein wenig Chilli und Curry<\/span><br \/><span>190 ml Glas<\/span><br \/>S\u00fcdsteirisches Zwetschken Chutney \u2013 perfekt zu Pasteten und Terrinen, Blunzlgr\u00f6stl, Putenschnitzel, Ragouts, geschmortem Kanichen, Topfendesert. F\u00fcr Kreative, Experimentierfreudige GENUSS-Menschen<\/p>\n<p>[\/et_pb_text][\/et_pb_column][et_pb_column type=&#8220;1_4&#8243; _builder_version=&#8220;4.16&#8243; global_colors_info=&#8220;{}&#8220; theme_builder_area=&#8220;post_content&#8220;][\/et_pb_column][et_pb_column type=&#8220;1_4&#8243; _builder_version=&#8220;4.16&#8243; custom_padding=&#8220;40px||||false|false&#8220; custom_padding_tablet=&#8220;80px||||false|false&#8220; custom_padding_phone=&#8220;0px||||false|false&#8220; custom_padding_last_edited=&#8220;on|desktop&#8220; global_colors_info=&#8220;{}&#8220; theme_builder_area=&#8220;post_content&#8220;][\/et_pb_column][\/et_pb_row][\/et_pb_section]<\/p>\n","protected":false},"excerpt":{"rendered":"<p>ChutneyWine connect peopleBalsamico-Senf\u00a0 Balsamico Senf \u00a0s\u00fcss-scharf116 ml GlasS\u00fcdsteirischer Balsamico Senf, Perfekt zu Weisswurst, Leberk\u00e4s, Russenei, Lachs, Marinaden, Beef Tartare, Rotschmierk\u00e4se. Allergerne: SenfsaatBrombeer Chutney\u00a0 Brombeer Chutney mit ein wenig Chilli und Curry190 ml GlasS\u00fcdsteirischer Brombeer Chutney, perfekt zu gegrillten und gebratenem Fleisch, Rehr\u00fccken, Wildgerichte, gebackenen Champignons, Cordon Bleu und Camenbert. F\u00fcr Kreative, Experimentierfreudige \u2013 GENUSS-Menschen !!Kirsch [&hellip;]<\/p>\n","protected":false},"author":1,"featured_media":0,"parent":0,"menu_order":0,"comment_status":"closed","ping_status":"closed","template":"","meta":{"_et_pb_use_builder":"on","_et_pb_old_content":"","_et_gb_content_width":"","footnotes":""},"class_list":["post-86","page","type-page","status-publish","hentry"],"_links":{"self":[{"href":"https:\/\/www.wine-connect-people.at\/index.php?rest_route=\/wp\/v2\/pages\/86","targetHints":{"allow":["GET"]}}],"collection":[{"href":"https:\/\/www.wine-connect-people.at\/index.php?rest_route=\/wp\/v2\/pages"}],"about":[{"href":"https:\/\/www.wine-connect-people.at\/index.php?rest_route=\/wp\/v2\/types\/page"}],"author":[{"embeddable":true,"href":"https:\/\/www.wine-connect-people.at\/index.php?rest_route=\/wp\/v2\/users\/1"}],"replies":[{"embeddable":true,"href":"https:\/\/www.wine-connect-people.at\/index.php?rest_route=%2Fwp%2Fv2%2Fcomments&post=86"}],"version-history":[{"count":4,"href":"https:\/\/www.wine-connect-people.at\/index.php?rest_route=\/wp\/v2\/pages\/86\/revisions"}],"predecessor-version":[{"id":98,"href":"https:\/\/www.wine-connect-people.at\/index.php?rest_route=\/wp\/v2\/pages\/86\/revisions\/98"}],"wp:attachment":[{"href":"https:\/\/www.wine-connect-people.at\/index.php?rest_route=%2Fwp%2Fv2%2Fmedia&parent=86"}],"curies":[{"name":"wp","href":"https:\/\/api.w.org\/{rel}","templated":true}]}}